{"id":11494,"date":"2019-01-30T09:59:43","date_gmt":"2019-01-30T08:59:43","guid":{"rendered":"https:\/\/www.humandesignsystem.info\/?post_type=product&#038;p=11494"},"modified":"2024-09-30T23:55:11","modified_gmt":"2024-09-30T21:55:11","slug":"20-tore-der-angst","status":"publish","type":"product","link":"https:\/\/www.humandesignsystem.info\/en\/produkt\/20-tore-der-angst\/","title":{"rendered":"Martin Grassinger, Die 20 Tore der Angst"},"content":{"rendered":"<h2>Die 20 Tore der Angst in der menschlichen Wahrnehmung<\/h2>\n<p><span lang=\"DE\">Das K\u00f6rperdiagramm ist im Grunde die Landkarte eines sehr komplexen <strong>sensorischen Systems<\/strong>. Unsere <strong>3 Wahrnehmungszentren<\/strong> sorgen f\u00fcr Wachsamkeit und unsere Verbindung zur Welt. Ihre 20 Tore nehmen Information in verschiedener Weise auf, verarbeiten sie individuell und pr\u00e4sentieren das Ergebnis dann nach au\u00dfen. Das bedeutet, wir haben die Chance 20 verschiedene Arten von Angst in uns zu entdecken. <\/span><\/p>\n<p><span lang=\"DE\">Dabei m\u00fcssen wir uns aber klar machen, dass dies immer eine pers\u00f6nliche Interpretation ist, nichts anderes als die pers\u00f6nliche Art einer Reaktion. Angst kann uns schw\u00e4chen und klein halten, unser (Selbst)Vertrauen, unsere Glaubenss\u00e4tze und unseren Enthusiasmus zerst\u00f6ren, und am Ende unser ganzes Leben kontrollieren. Dabei sollte Angst keine Strafe sein! Wir leben in einer Welt der Polarit\u00e4t, es gibt also immer auch die andere Seite der Medaille.<\/span><\/p>\n<p><span lang=\"DE\">In diesem Seminar werden wir die 20 menschlichen \u00c4ngste differenziert betrachten, ihren speziellen Charakter in Bezug auf das jeweilige Wahrnehmungszentrum unterscheiden lernen sowie ihre jeweilige Funktion und Arbeitsweise erkennen, um sie im Einzelnen in uns selbst genau nachvollziehen zu k\u00f6nnen. Dadurch erhalten wir eine tiefe Einsicht in die komplexe Anatomie der menschlichen \u00c4ngste und ihre eigentliche Bedeutung im menschlichen Dasein. So lernen wir erfolgreich damit umzugehen\u2026<\/span><\/p>\n<p>Erhalten Sie tiefgehende Einsichten in die menschlichen \u00c4ngste und lernen Sie, diese positiv zu nutzen!<\/p>\n<h3><span lang=\"DE\">Zus\u00e4tzlich zu den 20 Tore der Angst:<\/span><\/h3>\n<p><span lang=\"DE\">Im Hintergrund gibt es einen sehr konkreten Grund f\u00fcr diesen speziellen Kurs. Momentan sind die beiden <a href=\"https:\/\/www.humandesignsystem.info\/produkt\/inkarnationskreuze\/\"><strong>Inkarnationskreuze<\/strong><\/a> die seit Beginn des 17.Jahrhunderts unsere Zeit bestimmen das <strong>Kreuz der Maia<\/strong> und das <strong>Kreuz der Planung<\/strong>. Ab 2027 werden das <strong>Kreuz der Individualit\u00e4t<\/strong> und das <strong>Kreuz des \u201aErwachen des Spirits<\/strong>\u2018 die Qualit\u00e4t der neuen Zeit bestimmen (wird im Kurs zu Beginn genau erkl\u00e4rt). Vor jedem \u00dcbergang in eine neue Epoche der Menschheit ist die darunter liegende \u201aF\u00e4rbung\u2018 (Color) <strong>ANGST<\/strong>. Wir leben also in einer globalen Angst vor der Zukunft, vor dem Ende des Alten und dem grundlegenden unumkehrbaren Wandel. Daher ist es sicher f\u00f6rderlich sich gerade jetzt mit der Polarit\u00e4t der menschlichen \u00c4ngste zu besch\u00e4ftigen, um nicht von ihnen \u00fcberw\u00e4ltigt zu werden, sondern sie verst\u00e4ndnisvoll positiv zu nutzen. <\/span><\/p>\n<p>mp4 Download, Aufnahme des 3-teiligen online Kurses von Martin <strong>Grassinger<\/strong><br \/>\nca 6 Stunden<\/p>\n","protected":false},"excerpt":{"rendered":"<p>Erfahren Sie, wie unsere 3 Wahrnehmungszentren Informationen aufnehmen, verarbeiten und 20 verschiedene Arten von Angst erzeugen.<\/p>\n<ul>\n<li><strong>Details:<\/strong>\n<ul>\n<li>Aufnahme des 3-teiligen Online-Kurses, ca. 6 Stunden<\/li>\n<\/ul>\n<\/li>\n<li><strong>Format:<\/strong>\n<ul>\n<li>mp4 Video Download<\/li>\n<\/ul>\n<\/li>\n<\/ul>\n","protected":false},"featured_media":22154,"comment_status":"closed","ping_status":"closed","template":"","meta":[],"product_brand":[],"product_cat":[17],"product_tag":[],"class_list":{"0":"post-11494","1":"product","2":"type-product","3":"status-publish","4":"has-post-thumbnail","6":"product_cat-audiovideo","7":"product_shipping_class-download-produkte","9":"first","10":"instock","11":"downloadable","12":"virtual","13":"taxable","14":"purchasable","15":"product-type-simple"},"_links":{"self":[{"href":"https:\/\/www.humandesignsystem.info\/en\/wp-json\/wp\/v2\/product\/11494","targetHints":{"allow":["GET"]}}],"collection":[{"href":"https:\/\/www.humandesignsystem.info\/en\/wp-json\/wp\/v2\/product"}],"about":[{"href":"https:\/\/www.humandesignsystem.info\/en\/wp-json\/wp\/v2\/types\/product"}],"replies":[{"embeddable":true,"href":"https:\/\/www.humandesignsystem.info\/en\/wp-json\/wp\/v2\/comments?post=11494"}],"version-history":[{"count":0,"href":"https:\/\/www.humandesignsystem.info\/en\/wp-json\/wp\/v2\/product\/11494\/revisions"}],"wp:featuredmedia":[{"embeddable":true,"href":"https:\/\/www.humandesignsystem.info\/en\/wp-json\/wp\/v2\/media\/22154"}],"wp:attachment":[{"href":"https:\/\/www.humandesignsystem.info\/en\/wp-json\/wp\/v2\/media?parent=11494"}],"wp:term":[{"taxonomy":"product_brand","embeddable":true,"href":"https:\/\/www.humandesignsystem.info\/en\/wp-json\/wp\/v2\/product_brand?post=11494"},{"taxonomy":"product_cat","embeddable":true,"href":"https:\/\/www.humandesignsystem.info\/en\/wp-json\/wp\/v2\/product_cat?post=11494"},{"taxonomy":"product_tag","embeddable":true,"href":"https:\/\/www.humandesignsystem.info\/en\/wp-json\/wp\/v2\/product_tag?post=11494"}],"curies":[{"name":"wp","href":"https:\/\/api.w.org\/{rel}","templated":true}]}}