{"id":13276,"date":"2020-05-12T11:56:40","date_gmt":"2020-05-12T09:56:40","guid":{"rendered":"https:\/\/www.humandesignsystem.info\/?post_type=product&#038;p=13276"},"modified":"2024-12-16T10:41:20","modified_gmt":"2024-12-16T09:41:20","slug":"sendler-love-trap","status":"publish","type":"product","link":"https:\/\/www.humandesignsystem.info\/en\/produkt\/sendler-love-trap\/","title":{"rendered":"Ilse Sendler, LOVE TRAP"},"content":{"rendered":"<h2><strong>LOVE TRAP, die Liebesfalle\u00a0<\/strong><\/h2>\n<h3><strong>Lernen Sie die Einstiegstore\u2018 in Beziehungen<\/strong> &#8211; emotional und nicht emotional &#8211; besser kennen.<\/h3>\n<p>Menschen k\u00f6nnen eine \u201aVeranlagung\u2018 f\u00fcr Beziehungen haben, oder eben nicht. Verschiedene Aspekte beschreiben das Thema (und k\u00f6nnen durchaus widerspr\u00fcchlich sein \u2013 wie man im Alltag oft bemerken kann). In diesem kleinen Kurs werden die sogenannten Einstiegstore beschrieben, die \u2013 wenn vorhanden \u2013 anzeigen, wo und wie die Beziehung zu einem anderen Menschen korrekterweise beginnt.<\/p>\n<p>Aufnahme des Kurses (mp 4 Video) von Ilse Sendler, ca. 3 Stunden:\u00a0 \u20ac 120,-<br \/>\n(selbstverst\u00e4ndlich OHNE der pers\u00f6nlichen Beispiele der Teilnehmer)<\/p>\n<p><strong>ANGEBOT im Plus Paket: Kurs &amp; individuelle Analyse<\/strong> (kommt innerhalb von 1 Woche nach Zahlungseingang)<strong><br \/>\n<\/strong>Kursaufnahme plus Analyse der individuellen Einstiegstore (ca. 10 Minuten): \u20ac 150,-<\/p>\n<p>&nbsp;<\/p>\n","protected":false},"excerpt":{"rendered":"<p>Wie und wo beginnt Beziehung? Hat jeder Mensch eine Veranlagung daf\u00fcr? Wie und wo ist das Im Human Design Chart zu entdecken?<\/p>\n","protected":false},"featured_media":22209,"comment_status":"closed","ping_status":"closed","template":"","meta":[],"product_brand":[],"product_cat":[17],"product_tag":[],"class_list":{"0":"post-13276","1":"product","2":"type-product","3":"status-publish","4":"has-post-thumbnail","6":"product_cat-audiovideo","7":"product_shipping_class-download-produkte","9":"first","10":"instock","11":"taxable","12":"shipping-taxable","13":"purchasable","14":"product-type-variable"},"_links":{"self":[{"href":"https:\/\/www.humandesignsystem.info\/en\/wp-json\/wp\/v2\/product\/13276","targetHints":{"allow":["GET"]}}],"collection":[{"href":"https:\/\/www.humandesignsystem.info\/en\/wp-json\/wp\/v2\/product"}],"about":[{"href":"https:\/\/www.humandesignsystem.info\/en\/wp-json\/wp\/v2\/types\/product"}],"replies":[{"embeddable":true,"href":"https:\/\/www.humandesignsystem.info\/en\/wp-json\/wp\/v2\/comments?post=13276"}],"version-history":[{"count":0,"href":"https:\/\/www.humandesignsystem.info\/en\/wp-json\/wp\/v2\/product\/13276\/revisions"}],"wp:featuredmedia":[{"embeddable":true,"href":"https:\/\/www.humandesignsystem.info\/en\/wp-json\/wp\/v2\/media\/22209"}],"wp:attachment":[{"href":"https:\/\/www.humandesignsystem.info\/en\/wp-json\/wp\/v2\/media?parent=13276"}],"wp:term":[{"taxonomy":"product_brand","embeddable":true,"href":"https:\/\/www.humandesignsystem.info\/en\/wp-json\/wp\/v2\/product_brand?post=13276"},{"taxonomy":"product_cat","embeddable":true,"href":"https:\/\/www.humandesignsystem.info\/en\/wp-json\/wp\/v2\/product_cat?post=13276"},{"taxonomy":"product_tag","embeddable":true,"href":"https:\/\/www.humandesignsystem.info\/en\/wp-json\/wp\/v2\/product_tag?post=13276"}],"curies":[{"name":"wp","href":"https:\/\/api.w.org\/{rel}","templated":true}]}}