{"id":15468,"date":"2021-09-23T13:26:11","date_gmt":"2021-09-23T11:26:11","guid":{"rendered":"https:\/\/www.humandesignsystem.info\/?post_type=product&#038;p=15468"},"modified":"2025-01-18T18:11:07","modified_gmt":"2025-01-18T17:11:07","slug":"reikl-rave-biversity-genetik","status":"publish","type":"product","link":"https:\/\/www.humandesignsystem.info\/en\/produkt\/reikl-rave-biversity-genetik\/","title":{"rendered":"Reikl-Wolf, Rave Biversity\/Genetik"},"content":{"rendered":"<h4>Eine Einf\u00fchrung in die Rave Genetik<\/h4>\n<p>Im Jahr 2001 fand die erste Human Design \u2018Biversity\u2019 statt (BIVERSIT\u00c4T im Gegensatz zu UNIVERSIT\u00c4T \u2013 denn unsere Welt ist auf allen Ebenen dual). Verschiedene Professionals hielten Kurse zu zahlreichen HD Themen.<\/p>\n<p>Dr. Andrea Reikl-Wolf thematisiert hier das menschliche Streben nach dem Verst\u00e4ndnis, was die Welt im Innersten zusammenh\u00e4lt, illustriert durch Figuren wie Goethes Homunculus, Frankensteins Kreatur oder dem Androiden Data aus \u201eStar Trek\u201c. Diese Figuren symbolisieren den Wunsch, die Evolution bis ins kleinste Detail zu ergr\u00fcnden und dieses Wissen f\u00fcr sich selbst zu nutzen. Dr. Andrea Reikl-Wolf entschl\u00fcsselt mit dem Human Design System die Parallelen zwischen der alten chinesischen Lehre des <strong>I Ging<\/strong> und der modernen <strong>Genetik<\/strong>.<\/p>\n<p>Dies erinnert an Paul Feyerabends Ansicht, dass Wissenschaft eine wichtige Wissensquelle ist, aber auch Mythen und andere nichtwissenschaftliche Traditionen wertvolle Erkenntnisse bieten. Feyerabend betont, dass die Segregation zwischen Wissenschaft und Nicht-Wissenschaft k\u00fcnstlich sei, und f\u00fchrt die Sch\u00f6pfungsgeschichte der Hopiindianer als Beispiel an.<br \/>\nZiel der Arbeit ist die Synthese verschiedener Denkans\u00e4tze und das Aufzeigen synchroner Parallelen.<\/p>\n<p>32 Seiten A4, Farblaserdruck, Teil 5, ohne Mappe<\/p>\n","protected":false},"excerpt":{"rendered":"<p>Human Design basiert unter anderem auf dem Zusammenhang zwischen dem alten I Ging und der modernen Genetik, aufgeschl\u00fcsselt von Dr. Andrea Reikl-Wolf<\/p>\n","protected":false},"featured_media":22077,"comment_status":"closed","ping_status":"closed","template":"","meta":[],"product_brand":[],"product_cat":[16],"product_tag":[204,205],"class_list":{"0":"post-15468","1":"product","2":"type-product","3":"status-publish","4":"has-post-thumbnail","6":"product_cat-buecher-zum-hds","7":"product_tag-biversity","8":"product_tag-genetik","10":"first","11":"instock","12":"taxable","13":"shipping-taxable","14":"purchasable","15":"product-type-simple"},"_links":{"self":[{"href":"https:\/\/www.humandesignsystem.info\/en\/wp-json\/wp\/v2\/product\/15468","targetHints":{"allow":["GET"]}}],"collection":[{"href":"https:\/\/www.humandesignsystem.info\/en\/wp-json\/wp\/v2\/product"}],"about":[{"href":"https:\/\/www.humandesignsystem.info\/en\/wp-json\/wp\/v2\/types\/product"}],"replies":[{"embeddable":true,"href":"https:\/\/www.humandesignsystem.info\/en\/wp-json\/wp\/v2\/comments?post=15468"}],"version-history":[{"count":0,"href":"https:\/\/www.humandesignsystem.info\/en\/wp-json\/wp\/v2\/product\/15468\/revisions"}],"wp:featuredmedia":[{"embeddable":true,"href":"https:\/\/www.humandesignsystem.info\/en\/wp-json\/wp\/v2\/media\/22077"}],"wp:attachment":[{"href":"https:\/\/www.humandesignsystem.info\/en\/wp-json\/wp\/v2\/media?parent=15468"}],"wp:term":[{"taxonomy":"product_brand","embeddable":true,"href":"https:\/\/www.humandesignsystem.info\/en\/wp-json\/wp\/v2\/product_brand?post=15468"},{"taxonomy":"product_cat","embeddable":true,"href":"https:\/\/www.humandesignsystem.info\/en\/wp-json\/wp\/v2\/product_cat?post=15468"},{"taxonomy":"product_tag","embeddable":true,"href":"https:\/\/www.humandesignsystem.info\/en\/wp-json\/wp\/v2\/product_tag?post=15468"}],"curies":[{"name":"wp","href":"https:\/\/api.w.org\/{rel}","templated":true}]}}