{"id":16817,"date":"2022-04-19T16:33:13","date_gmt":"2022-04-19T14:33:13","guid":{"rendered":"https:\/\/www.humandesignsystem.info\/?post_type=product&#038;p=16817"},"modified":"2024-09-30T23:48:46","modified_gmt":"2024-09-30T21:48:46","slug":"grassinger-tore-der-liebe","status":"publish","type":"product","link":"https:\/\/www.humandesignsystem.info\/en\/produkt\/grassinger-tore-der-liebe\/","title":{"rendered":"Martin Grassinger 11 Tore der Liebe"},"content":{"rendered":"<h2>Tore der Liebe: Entdecken Sie die Vielfalt der Liebe mit Martin Grassinger<\/h2>\n<p>Lassen Sie uns \u00fcber Liebe sprechen! In Martin Grassingers Kurs &#8220;Tore der Liebe&#8221; tauchen Sie tief in die vielf\u00e4ltigen Erscheinungsformen der Liebe ein. Von romantischer bis hin zu universeller Liebe \u2013 entdecken Sie die Geheimnisse hinter den Toren des &#8220;Heiligen Grals&#8221; und deren Bedeutung im Human Design System<\/p>\n<h3>Der Heilige Gral der Liebe<\/h3>\n<p>Vor 30 Jahren, w\u00e4hrend eines Urlaubs auf Ibiza, lernte Martin Grassinger RA kennen, der ihn in das Human Design System einweihte. Gemeinsam erstellten sie handgeschriebene Charts und Manuskripte. Ein faszinierendes Thema dabei war die Monographie \u00fcber die Tore des &#8220;Gef\u00e4\u00dfes der Liebe&#8221;, auch bekannt als der &#8220;Heilige Gral&#8221;. Im ersten Teil des Seminars erfahren Sie:<\/p>\n<ul>\n<li>Die Bedeutung jedes einzelnen Tores des &#8220;Heiligen Grals&#8221;<\/li>\n<li>Den universellen Ausdruck der Liebe durch spezifische Tore au\u00dferhalb des G-Zentrums<\/li>\n<li>Wie sich der weltliche Ausdruck dieser Liebe im Jahr 2027 ver\u00e4ndern wird<\/li>\n<\/ul>\n<h4>Die weltlichen Tore der Liebe<\/h4>\n<p>Liebe ist ein komplexes und vielschichtiges Feld. Neben den Toren des &#8220;Heiligen Grals&#8221; gibt es im Human Design System sieben weitere Tore, die die weltlichen Aspekte der Liebe repr\u00e4sentieren. Im zweiten Teil des Kurses werden diese Tore detailliert beleuchtet:<\/p>\n<ul>\n<li>Romantische Liebe<\/li>\n<li>Partnerschaftliche Liebe<\/li>\n<li>Platonische Liebe<\/li>\n<li>Und viele mehr&#8230;<\/li>\n<\/ul>\n<p>Entdecken Sie, was Liebe im Human Design System wirklich bedeutet und wie Sie diese Erkenntnisse in Ihrem Leben anwenden k\u00f6nnen. Tauchen Sie ein in die faszinierende Welt der &#8220;Tore der Liebe&#8221; und erweitern Sie Ihr Verst\u00e4ndnis von Liebe in all ihren Formen.<\/p>\n<p><iframe title=\"Die Tore der Liebe\" width=\"800\" height=\"450\" src=\"https:\/\/www.youtube.com\/embed\/PBMckelWuk4?feature=oembed\" frameborder=\"0\" allow=\"accelerometer; autoplay; clipboard-write; encrypted-media; gyroscope; picture-in-picture; web-share\" referrerpolicy=\"strict-origin-when-cross-origin\" allowfullscreen><\/iframe><\/p>\n<p>n\u00e4here Beschreibung <a href=\"https:\/\/www.humandesignsystem.info\/wp-content\/uploads\/2022\/03\/Die-Tore-der-Liebe.pdf\">HIER<\/a><\/p>\n<p>Link des <a href=\"https:\/\/youtu.be\/PBMckelWuk4\" target=\"_blank\" rel=\"noopener\">Videos zu YouTube<\/a> direkt<\/p>\n","protected":false},"excerpt":{"rendered":"<p>Entdecken Sie die vielf\u00e4ltigen Aspekte der Liebe durch die 11 Tore des Human Design Systems<\/p>\n<ul>\n<li><strong>Details:<\/strong>\n<ul>\n<li>3-st\u00fcndiger LIVE-Kurs<\/li>\n<li>Aufgezeichnet im April 2022 in Wien<\/li>\n<li>Erforschen Sie die romantische, partnerschaftliche, platonische und universelle Liebe<\/li>\n<\/ul>\n<\/li>\n<li><strong>Format:<\/strong> mp4 Video<\/li>\n<\/ul>\n","protected":false},"featured_media":22165,"comment_status":"closed","ping_status":"closed","template":"","meta":[],"product_brand":[],"product_cat":[17],"product_tag":[],"class_list":{"0":"post-16817","1":"product","2":"type-product","3":"status-publish","4":"has-post-thumbnail","6":"product_cat-audiovideo","7":"product_shipping_class-download-produkte","9":"first","10":"instock","11":"downloadable","12":"virtual","13":"taxable","14":"purchasable","15":"product-type-simple"},"_links":{"self":[{"href":"https:\/\/www.humandesignsystem.info\/en\/wp-json\/wp\/v2\/product\/16817","targetHints":{"allow":["GET"]}}],"collection":[{"href":"https:\/\/www.humandesignsystem.info\/en\/wp-json\/wp\/v2\/product"}],"about":[{"href":"https:\/\/www.humandesignsystem.info\/en\/wp-json\/wp\/v2\/types\/product"}],"replies":[{"embeddable":true,"href":"https:\/\/www.humandesignsystem.info\/en\/wp-json\/wp\/v2\/comments?post=16817"}],"version-history":[{"count":0,"href":"https:\/\/www.humandesignsystem.info\/en\/wp-json\/wp\/v2\/product\/16817\/revisions"}],"wp:featuredmedia":[{"embeddable":true,"href":"https:\/\/www.humandesignsystem.info\/en\/wp-json\/wp\/v2\/media\/22165"}],"wp:attachment":[{"href":"https:\/\/www.humandesignsystem.info\/en\/wp-json\/wp\/v2\/media?parent=16817"}],"wp:term":[{"taxonomy":"product_brand","embeddable":true,"href":"https:\/\/www.humandesignsystem.info\/en\/wp-json\/wp\/v2\/product_brand?post=16817"},{"taxonomy":"product_cat","embeddable":true,"href":"https:\/\/www.humandesignsystem.info\/en\/wp-json\/wp\/v2\/product_cat?post=16817"},{"taxonomy":"product_tag","embeddable":true,"href":"https:\/\/www.humandesignsystem.info\/en\/wp-json\/wp\/v2\/product_tag?post=16817"}],"curies":[{"name":"wp","href":"https:\/\/api.w.org\/{rel}","templated":true}]}}