{"id":19025,"date":"2023-07-19T13:41:20","date_gmt":"2023-07-19T11:41:20","guid":{"rendered":"https:\/\/www.humandesignsystem.info\/?post_type=product&#038;p=19025"},"modified":"2024-12-16T10:39:26","modified_gmt":"2024-12-16T09:39:26","slug":"das-kreuz-mit-den-kreuzen","status":"publish","type":"product","link":"https:\/\/www.humandesignsystem.info\/en\/produkt\/das-kreuz-mit-den-kreuzen\/","title":{"rendered":"Band 3 &#8211; Das Kreuz mit den Kreuzen"},"content":{"rendered":"<h2>Das Finale einer Trilogie zur Lebensformel<\/h2>\n<h3>Dr. Hans-Werner Janssen<\/h3>\n<p>Als ein Highlight des Human Design Systems gelten die geheimnisvollen Inkarnationskreuze. Zwei kosmische Achsen der Positionen von Sonne und Erde bilden ein Kreuz und bestimmen durch die Positionen ihre Thematik. Die Kreuze beschreiben mit dieser Komplexit\u00e4t Sinn und Zweck des menschlichen Lebens.<br \/>\nDie Betrachtung der Inkarnationskreuze ist sehr tiefgr\u00fcndig und wird zu Unrecht als \u201edas Kreuz mit den Kreuzen\u201c missverstanden. Hier braucht es weitere Aufkl\u00e4rung. Sie wird hier geliefert mit einer gr\u00fcndlichen Vorbereitung des Themas, mit einer klaren Struktur sowie mit zwei \u00dcbersichtstabellen, die in numerischer und in systemischer Ordnung verfasst sind. So l\u00e4sst sich jedes pers\u00f6nliche Kreuz leicht finden.<\/p>\n<p><strong>Mit den drei B\u00e4nden:<\/strong><\/p>\n<ul>\n<li>\n<h2><a href=\"https:\/\/www.humandesignsystem.info\/?product=eine-reise-durch-das-human-design-mandala-2\"><em>\u201eEine Reise durch das Human Design Mandala\u201c, <\/em><\/a><\/h2>\n<\/li>\n<li>\n<h2><a href=\"https:\/\/www.humandesignsystem.info\/?product=die-oppositionen-im-human-design-mandala\"><em>\u201eOppositionen im Human Design Mandala\u201c<\/em><\/a><\/h2>\n<\/li>\n<li><em>und dem vorliegenden Band \u201eDas Kreuz mit den Kreuzen im Human Design-Mandala\u201c<\/em><\/li>\n<\/ul>\n<p>ist eine umfassende Trilogie zur Lebensformel des HDS entstanden, die das kosmische Programm auf drei Ebenen beschreibt.<\/p>\n<p><strong>Format:<\/strong> 14 x 21 cm,<br \/>\n364 Seiten, mit 96 farbigen Grafiken,<br \/>\nISBN: 978-3-85052-413-1<br \/>\nIbera Verlag, Wien<\/p>\n<h4>\u00dcber den Autor Dr. Hans-Werner Janssen<\/h4>\n<p>Jahrgang 1943. Studium der Chemie. Diplomchemiker, Promotion zum Dr. rer. nat. Seit 1997 Besch\u00e4ftigung mit dem Human Design System. \u201eEs war spirituelle Liebe auf den ersten Blick.\u201c Ausbildung als Analytiker und Lehrer f\u00fcr das HDS.<br \/>\nSein Motto: Living your Design<br \/>\nZwei S\u00f6hne, lebt in Bad Bramstedt, Deutschland<\/p>\n","protected":false},"excerpt":{"rendered":"<p>Die Essenz unseres Wesens, Lebenssinn und Zweck &#8211; abgebildet im Inkarnationskreuz<\/p>\n","protected":false},"featured_media":21954,"comment_status":"closed","ping_status":"closed","template":"","meta":[],"product_brand":[],"product_cat":[16],"product_tag":[],"class_list":{"0":"post-19025","1":"product","2":"type-product","3":"status-publish","4":"has-post-thumbnail","6":"product_cat-buecher-zum-hds","8":"first","9":"instock","10":"taxable","11":"shipping-taxable","12":"purchasable","13":"product-type-simple"},"_links":{"self":[{"href":"https:\/\/www.humandesignsystem.info\/en\/wp-json\/wp\/v2\/product\/19025","targetHints":{"allow":["GET"]}}],"collection":[{"href":"https:\/\/www.humandesignsystem.info\/en\/wp-json\/wp\/v2\/product"}],"about":[{"href":"https:\/\/www.humandesignsystem.info\/en\/wp-json\/wp\/v2\/types\/product"}],"replies":[{"embeddable":true,"href":"https:\/\/www.humandesignsystem.info\/en\/wp-json\/wp\/v2\/comments?post=19025"}],"version-history":[{"count":0,"href":"https:\/\/www.humandesignsystem.info\/en\/wp-json\/wp\/v2\/product\/19025\/revisions"}],"wp:featuredmedia":[{"embeddable":true,"href":"https:\/\/www.humandesignsystem.info\/en\/wp-json\/wp\/v2\/media\/21954"}],"wp:attachment":[{"href":"https:\/\/www.humandesignsystem.info\/en\/wp-json\/wp\/v2\/media?parent=19025"}],"wp:term":[{"taxonomy":"product_brand","embeddable":true,"href":"https:\/\/www.humandesignsystem.info\/en\/wp-json\/wp\/v2\/product_brand?post=19025"},{"taxonomy":"product_cat","embeddable":true,"href":"https:\/\/www.humandesignsystem.info\/en\/wp-json\/wp\/v2\/product_cat?post=19025"},{"taxonomy":"product_tag","embeddable":true,"href":"https:\/\/www.humandesignsystem.info\/en\/wp-json\/wp\/v2\/product_tag?post=19025"}],"curies":[{"name":"wp","href":"https:\/\/api.w.org\/{rel}","templated":true}]}}