{"id":19179,"date":"2023-09-19T16:50:37","date_gmt":"2023-09-19T14:50:37","guid":{"rendered":"https:\/\/www.humandesignsystem.info\/?post_type=product&#038;p=19179"},"modified":"2025-05-09T16:34:47","modified_gmt":"2025-05-09T14:34:47","slug":"grassinger-selbstreflektierende-bewusstheit","status":"publish","type":"product","link":"https:\/\/www.humandesignsystem.info\/en\/produkt\/grassinger-selbstreflektierende-bewusstheit\/","title":{"rendered":"Martin Grassinger, Selbstreflektierende Bewusstheit"},"content":{"rendered":"<h2>Martin Grassinger der Spezialkurs Selbstreflektierende Bewusstheit<\/h2>\n<p>Wir Menschen sind die einzige Lebensform auf diesem Planeten, die die F\u00e4higkeit selbstreflektierende Bewusstheit besitzt, denn wir haben im Vergleich zu den anderen Lebensformen 2 zus\u00e4tzliche (potentielle) Bewusstheitszentren. Um diese einzigartige F\u00e4higkeit m\u00f6glich zu machen, arbeiten das mentale Feld und das Solarplexus System synchron zusammen, was sich auch in der direkten chemischen Beziehung der beiden Felder zueinander zeigt.<br \/>\nDas sind Aspekte, die wir im K\u00f6rperdiagramm mit seinen Schaltkreisen, Kan\u00e4len und Definitionen nicht sehen k\u00f6nnen. Es ist eine biologische Mechanik im Hintergrund mit grunds\u00e4tzlichen psychologischen Konsequenzen f\u00fcr unser Leben. Es zeigt sich, dass der Verstand einfach ein Interpretationsinstrument ist, das seine Basisinformationen bereits erhalten hat, lange bevor wir Worte verstehen oder sprechen konnten. Dieser Mechanismus verschwindet nicht und wir k\u00f6nnen uns dessen bewusst werden und dar\u00fcber reflektieren, um daraus n\u00fctzliche Schlussfolgerungen f\u00fcr unser weiteres Leben zu ziehen.<br \/>\nIm Kurs betrachten wir die Anatomie der menschlichen, selbstreflektierende Bewusstheit, ihrem Aufbau und ihrer Funktion im Bezug auf die entsprechenden Tore und deren Chemie.<br \/>\nSie werden erkennen, welche besonderen Aspekte in ihrem eigenen System die Haupanteile dieser Konstruktion darstellen und damit sowohl den eigenen Mechanismus als auch den anderer verstehen lernen.<\/p>\n<p>Aufzeichnung des LIVE Kurses, Mai 2023 in Wien<br \/>\nmp4 Video download, ca. 5 Stunden<\/p>\n<p><iframe title=\"Selbstreflektierende Bewusstheit mit Martin Grassinger\" width=\"800\" height=\"450\" src=\"https:\/\/www.youtube.com\/embed\/4e6PgNm5uq0?feature=oembed\" frameborder=\"0\" allow=\"accelerometer; autoplay; clipboard-write; encrypted-media; gyroscope; picture-in-picture; web-share\" referrerpolicy=\"strict-origin-when-cross-origin\" allowfullscreen><\/iframe><\/p>\n<p><a href=\"https:\/\/youtu.be\/4e6PgNm5uq0\" data-rel=\"lightbox-video-0\" target=\"_blank\" rel=\"noopener\"><strong>VIDEO<\/strong><\/a><\/p>\n","protected":false},"excerpt":{"rendered":"<p>Entdecken Sie die einzigartige F\u00e4higkeit zur selbstreflektierenden Bewusstheit und deren Bedeutung im Human Design System.<\/p>\n<ul>\n<li><strong>Details:<\/strong>\n<ul>\n<li>Aufzeichnung des LIVE-Kurses, Mai 2023 in Wien<\/li>\n<li>Verstand als Interpretationsinstrument<\/li>\n<li>Analyse der entsprechenden Tore und deren Chemie<\/li>\n<li>Erkennen und Verstehen der eigenen und fremden Mechanismen<\/li>\n<\/ul>\n<\/li>\n<li><strong>Format:<\/strong>\n<ul>\n<li>mp4 Video-Download, ca. 5 Stunden<\/li>\n<\/ul>\n<\/li>\n<\/ul>\n","protected":false},"featured_media":22169,"comment_status":"closed","ping_status":"closed","template":"","meta":[],"product_brand":[],"product_cat":[17],"product_tag":[],"class_list":{"0":"post-19179","1":"product","2":"type-product","3":"status-publish","4":"has-post-thumbnail","6":"product_cat-audiovideo","8":"first","9":"instock","10":"downloadable","11":"virtual","12":"taxable","13":"purchasable","14":"product-type-simple"},"_links":{"self":[{"href":"https:\/\/www.humandesignsystem.info\/en\/wp-json\/wp\/v2\/product\/19179","targetHints":{"allow":["GET"]}}],"collection":[{"href":"https:\/\/www.humandesignsystem.info\/en\/wp-json\/wp\/v2\/product"}],"about":[{"href":"https:\/\/www.humandesignsystem.info\/en\/wp-json\/wp\/v2\/types\/product"}],"replies":[{"embeddable":true,"href":"https:\/\/www.humandesignsystem.info\/en\/wp-json\/wp\/v2\/comments?post=19179"}],"version-history":[{"count":0,"href":"https:\/\/www.humandesignsystem.info\/en\/wp-json\/wp\/v2\/product\/19179\/revisions"}],"wp:featuredmedia":[{"embeddable":true,"href":"https:\/\/www.humandesignsystem.info\/en\/wp-json\/wp\/v2\/media\/22169"}],"wp:attachment":[{"href":"https:\/\/www.humandesignsystem.info\/en\/wp-json\/wp\/v2\/media?parent=19179"}],"wp:term":[{"taxonomy":"product_brand","embeddable":true,"href":"https:\/\/www.humandesignsystem.info\/en\/wp-json\/wp\/v2\/product_brand?post=19179"},{"taxonomy":"product_cat","embeddable":true,"href":"https:\/\/www.humandesignsystem.info\/en\/wp-json\/wp\/v2\/product_cat?post=19179"},{"taxonomy":"product_tag","embeddable":true,"href":"https:\/\/www.humandesignsystem.info\/en\/wp-json\/wp\/v2\/product_tag?post=19179"}],"curies":[{"name":"wp","href":"https:\/\/api.w.org\/{rel}","templated":true}]}}