{"id":19254,"date":"2023-11-01T10:14:56","date_gmt":"2023-11-01T09:14:56","guid":{"rendered":"https:\/\/www.humandesignsystem.info\/?post_type=product&#038;p=19254"},"modified":"2024-12-05T17:21:29","modified_gmt":"2024-12-05T16:21:29","slug":"martin-grassinger-rave-biologie","status":"publish","type":"product","link":"https:\/\/www.humandesignsystem.info\/en\/produkt\/martin-grassinger-rave-biologie\/","title":{"rendered":"Martin Grassinger Rave Biologie"},"content":{"rendered":"<h2>Martin Grassinger Rave Biologie<\/h2>\n<h3><strong>Exklusiver Spezialkurs \u00fcber das Verdauungssystem<\/strong><\/h3>\n<p>Tauchen Sie mit Hilfe der Rave Biologie tief in die Welt des Verdauungssystems ein. Dieser einzigartige Kurs von Martin Grassinger bietet Ihnen detaillierte Einblicke in den Aufbau und die Funktionsweise des Verdauungssystems und seine N\u00e4hrstoffverarbeitung aus der Perspektive des Human Design Systems.<\/p>\n<h3><strong>Kursinhalte:<\/strong><\/h3>\n<p>Entstehung und Entwicklung der Rave Biologie durch intensive Forschung und Praxis<br \/>\nUmfassende Darstellung des Verdauungssystems und einzelner Stoffwechselvorg\u00e4nge<br \/>\nDetaillierte Analyse aller daran beteiligten Tore in der K\u00f6rpergrafik<br \/>\nAnwendung und Verifizierung der Rave Biologie in der t\u00e4glichen Praxis<br \/>\nIndividualisierung der allgemeinen PHS-Strategie f\u00fcr bessere Gesundheit und Wohlbefinden<br \/>\nUnterscheidung, welcher Organismus f\u00fcr vegetarische\/vegane Ern\u00e4hrung geeignet ist<\/p>\n<p>Praktische Analyse von Charts<\/p>\n<h3><strong>Highlights des Kurses von Martin Grassinger Rave Biologie:<\/strong><\/h3>\n<p>Tiefgehende praktische Erfahrung: \u00dcber 30 Jahre Expertise von Martin Grassinger<br \/>\nIndividuelle Anpassung: Detaillierte Beschreibung des pers\u00f6nlichen Verdauungssystems<br \/>\nPraktische Orientierung: Umfassende praktische Anwendung durch individuelle Chart-Analysen<br \/>\nExklusives Wissen: Autorisiert von Ra Uru Hu zur Unterrichtung der Rave Biologie<\/p>\n<p>Seien Sie bereit f\u00fcr ein investigatives Abenteuer, das nicht nur Ihr Verst\u00e4ndnis f\u00fcr den richtigen Umgang mit Ihrem eigenen Verdauungssystem optimiert, sondern in einer Beratung auch anderen Menschen zu einem ges\u00fcnderen Leben verhelfen kann. Geben Sie sich die Chance und entdecken Sie die faszinierende Welt der Rave Biologie!<br \/>\nBereichern Sie Ihr Wissen und Ihr Leben mit diesem einzigartigen und intensiven Kurs!<\/p>\n<p>Ausf\u00fchrliche Informationen <a href=\"https:\/\/www.humandesignsystem.info\/wp-content\/uploads\/2023\/07\/Rave-Biology-Das-Verdauungssystem.pdf\">HIER<\/a><\/p>\n","protected":false},"excerpt":{"rendered":"<p>Tauchen Sie tief in die Welt des Verdauungssystems ein und lernen Sie die Rave Biologie kennen.<\/p>\n<ul>\n<li><strong>Details:<\/strong>\n<ul>\n<li>Aufnahme des LIVE-Kurses 2023 (mp4 Video, ca. 13 Stunden)<\/li>\n<li><strong>Pers\u00f6nliche Besprechung:<\/strong> Als besondere Zugabe erh\u00e4lt jeder K\u00e4ufer eine ca. 15-min\u00fctige mp3-Datei mit einer pers\u00f6nlichen Besprechung per Mail. Bitte \u00fcbermitteln Sie Ihre Daten (Geburtstag, Zeit und Ort) bei der Bestellung unter \u201eAnmerkungen\u201c.<\/li>\n<li>Exklusives Wissen: Autorisiert von Ra Uru Hu<\/li>\n<\/ul>\n<\/li>\n<\/ul>\n<ul>\n<li><strong>Format:<\/strong>\n<ul>\n<li>mp4 Video, ca. 13 Stunden<\/li>\n<\/ul>\n<\/li>\n<\/ul>\n","protected":false},"featured_media":22156,"comment_status":"closed","ping_status":"closed","template":"","meta":[],"product_brand":[],"product_cat":[17],"product_tag":[],"class_list":{"0":"post-19254","1":"product","2":"type-product","3":"status-publish","4":"has-post-thumbnail","6":"product_cat-audiovideo","8":"first","9":"instock","10":"downloadable","11":"virtual","12":"taxable","13":"purchasable","14":"product-type-simple"},"_links":{"self":[{"href":"https:\/\/www.humandesignsystem.info\/en\/wp-json\/wp\/v2\/product\/19254","targetHints":{"allow":["GET"]}}],"collection":[{"href":"https:\/\/www.humandesignsystem.info\/en\/wp-json\/wp\/v2\/product"}],"about":[{"href":"https:\/\/www.humandesignsystem.info\/en\/wp-json\/wp\/v2\/types\/product"}],"replies":[{"embeddable":true,"href":"https:\/\/www.humandesignsystem.info\/en\/wp-json\/wp\/v2\/comments?post=19254"}],"version-history":[{"count":0,"href":"https:\/\/www.humandesignsystem.info\/en\/wp-json\/wp\/v2\/product\/19254\/revisions"}],"wp:featuredmedia":[{"embeddable":true,"href":"https:\/\/www.humandesignsystem.info\/en\/wp-json\/wp\/v2\/media\/22156"}],"wp:attachment":[{"href":"https:\/\/www.humandesignsystem.info\/en\/wp-json\/wp\/v2\/media?parent=19254"}],"wp:term":[{"taxonomy":"product_brand","embeddable":true,"href":"https:\/\/www.humandesignsystem.info\/en\/wp-json\/wp\/v2\/product_brand?post=19254"},{"taxonomy":"product_cat","embeddable":true,"href":"https:\/\/www.humandesignsystem.info\/en\/wp-json\/wp\/v2\/product_cat?post=19254"},{"taxonomy":"product_tag","embeddable":true,"href":"https:\/\/www.humandesignsystem.info\/en\/wp-json\/wp\/v2\/product_tag?post=19254"}],"curies":[{"name":"wp","href":"https:\/\/api.w.org\/{rel}","templated":true}]}}