{"id":2639,"date":"2014-10-29T14:42:33","date_gmt":"2014-10-29T13:42:33","guid":{"rendered":"https:\/\/www.humandesignsystem.info\/?post_type=product&#038;p=2639"},"modified":"2025-01-07T18:53:22","modified_gmt":"2025-01-07T17:53:22","slug":"die-aminosaeuren","status":"publish","type":"product","link":"https:\/\/www.humandesignsystem.info\/en\/produkt\/die-aminosaeuren\/","title":{"rendered":"Martin Grassinger Gesundheit 3, Die Aminos\u00e4uren"},"content":{"rendered":"<h2>Die Aminos\u00e4uren &#8211; Human Design &amp; Gesundheit 3<\/h2>\n<p><strong>Wie das Leben so spielt<\/strong><\/p>\n<p>Das Human Design System ist absolut einzigartig. Es ist eine Synthese esoterischer und exoterischer Wissenschaften. Besonders faszinierend ist dabei die Korrelation von <strong>I Ging<\/strong> und <strong>genetischem Code<\/strong>, in der sich fern\u00f6stliche Weltphilosophie mit westlicher Laborwissenschaft \u00a0vereinen. Dadurch ist es m\u00f6glich jedes der 64 Hexagramme einer bestimmten <strong>Aminos\u00e4ure<\/strong> zuzuordnen. Dabei gibt es Aminos\u00e4uren, deren komplexe Funktionen sich \u00fcber bis zu sechs Hexagramme ausdr\u00fccken. Diese Hexagramme orientieren sich jedoch nicht nach Zentren, Schaltkreisen\u00a0 oder Definitionen, sondern sind in der K\u00f6rpergrafik scheinbar zusammenhanglos verteilt.<\/p>\n<p>Genau das ist das zentrale Thema dieses besonderen Seminars aus der Reihe \u201aGesundheit und Human Design System\u2018: welche Hexagramme geh\u00f6ren im K\u00f6rpergeschehen wirklich zusammen, obwohl wir sie nach den g\u00e4ngigen Betrachtungsweisen niemals miteinander in Verbindung bringen w\u00fcrden, und welche besonderen biochemischen Aufgaben erf\u00fcllen sie in unserem Organismus, denn Aminos\u00e4uren sind die Voraussetzung aller Stoffwechselvorg\u00e4nge in uns. Beispielsweise zu wissen auf welche Weise das Wurzelzentrum und das Ajna-Zentrum im Hintergrund untrennbar miteinander verbunden sind, macht die K\u00f6pergrafik auf besondere Weise lebendig.<\/p>\n<p>Es ist deshalb ganz bewusst kein Seminar \u00fcber irgendwelche chemischen Strukturformeln, sondern \u00fcber einen <strong>besonderen Blick auf die K\u00f6rpergrafik,<\/strong> der uns Erkenntnisse offenbart, die sich sonst nicht zeigen. Es bringt uns nicht nur die eigene K\u00f6rpergrafik n\u00e4her ans wirkliche Leben, sondern kann auch f\u00fcr ein Reading manchen erleuchtenden und hilfreichen Hinweis liefern.<\/p>\n<h4><strong>Zus\u00e4tzlich erh\u00e4ltlich:<\/strong><\/h4>\n<ul>\n<li><a href=\"https:\/\/www.humandesignsystem.info\/produkt\/martin-grassinger-human-design-und-gesundheit-buch-zum-kurs\/\">Human Design Gesundheit &#8211; Teil 1<\/a> &#8211;\u00a0 Die Grundlagen in den Schaltkreisen<\/li>\n<li><a href=\"https:\/\/www.humandesignsystem.info\/produkt\/planetenschluessel\">Human Design Gesundheit &#8211; Teil 2<\/a> &#8211; Der Planetenschl\u00fcssel<\/li>\n<\/ul>\n<p><strong>Details:<\/strong><\/p>\n<ul>\n<li>Aufnahme des Online-Kurses aus 2018 (mp4 Video und Grafiken)<\/li>\n<li>Exklusives Wissen: Martin Grassinger, Klassischer Hom\u00f6opath und Heilpraktiker<\/li>\n<\/ul>\n<p><strong>Format:<\/strong><\/p>\n<ul>\n<li>mp4 Video und Grafiken<\/li>\n<\/ul>\n","protected":false},"excerpt":{"rendered":"<p>Erkunden Sie die faszinierende Welt der Aminos\u00e4uren und entdecken Sie die einzigartigen Verbindungen im Human Design System.<\/p>\n<p><strong>Details:<\/strong><\/p>\n<ul>\n<li>Aufnahme des Online-Kurses aus 2018 (mp4 Video und Grafiken)<\/li>\n<li>Exklusives Wissen: Martin Grassinger, Klassischer Hom\u00f6opath und Heilpraktiker<\/li>\n<\/ul>\n<p><strong>Format:<\/strong><\/p>\n<ul>\n<li>mp4 Video und Grafiken<\/li>\n<\/ul>\n","protected":false},"featured_media":22158,"comment_status":"closed","ping_status":"closed","template":"","meta":[],"product_brand":[],"product_cat":[17],"product_tag":[],"class_list":{"0":"post-2639","1":"product","2":"type-product","3":"status-publish","4":"has-post-thumbnail","6":"product_cat-audiovideo","7":"product_shipping_class-download-produkte","9":"first","10":"instock","11":"downloadable","12":"virtual","13":"taxable","14":"purchasable","15":"product-type-simple"},"_links":{"self":[{"href":"https:\/\/www.humandesignsystem.info\/en\/wp-json\/wp\/v2\/product\/2639","targetHints":{"allow":["GET"]}}],"collection":[{"href":"https:\/\/www.humandesignsystem.info\/en\/wp-json\/wp\/v2\/product"}],"about":[{"href":"https:\/\/www.humandesignsystem.info\/en\/wp-json\/wp\/v2\/types\/product"}],"replies":[{"embeddable":true,"href":"https:\/\/www.humandesignsystem.info\/en\/wp-json\/wp\/v2\/comments?post=2639"}],"version-history":[{"count":0,"href":"https:\/\/www.humandesignsystem.info\/en\/wp-json\/wp\/v2\/product\/2639\/revisions"}],"wp:featuredmedia":[{"embeddable":true,"href":"https:\/\/www.humandesignsystem.info\/en\/wp-json\/wp\/v2\/media\/22158"}],"wp:attachment":[{"href":"https:\/\/www.humandesignsystem.info\/en\/wp-json\/wp\/v2\/media?parent=2639"}],"wp:term":[{"taxonomy":"product_brand","embeddable":true,"href":"https:\/\/www.humandesignsystem.info\/en\/wp-json\/wp\/v2\/product_brand?post=2639"},{"taxonomy":"product_cat","embeddable":true,"href":"https:\/\/www.humandesignsystem.info\/en\/wp-json\/wp\/v2\/product_cat?post=2639"},{"taxonomy":"product_tag","embeddable":true,"href":"https:\/\/www.humandesignsystem.info\/en\/wp-json\/wp\/v2\/product_tag?post=2639"}],"curies":[{"name":"wp","href":"https:\/\/api.w.org\/{rel}","templated":true}]}}