{"id":2641,"date":"2014-10-29T14:44:02","date_gmt":"2014-10-29T13:44:02","guid":{"rendered":"https:\/\/www.humandesignsystem.info\/?post_type=product&#038;p=2641"},"modified":"2024-09-26T13:57:00","modified_gmt":"2024-09-26T11:57:00","slug":"grassinger-immunsystem","status":"publish","type":"product","link":"https:\/\/www.humandesignsystem.info\/en\/produkt\/grassinger-immunsystem\/","title":{"rendered":"Martin Grassinger, Das Immunsystem"},"content":{"rendered":"<h3>Das Immunsystem<\/h3>\n<p>HD Gesundheit, Teil 4, Sommerschule 2011<\/p>\n<p>Wenn innerhalb des HDS \u00fcber Gesundheit und das Immunsystem gesprochen wird, dann f\u00e4llt meist ein Tunnelblick auf das Milz-Zentrum. Da sich jedoch das Immunsystem nicht auf sieben Tore reduzieren l\u00e4sst sind elementare Aspekte dieses komplexen Systems aus gutem Grund in anderen Zentren der K\u00f6rpergrafik untergebracht.<\/p>\n<p>In diesem Seminar nehmen wir uns ausf\u00fchrlich Zeit f\u00fcr eine pr\u00e4zise Begriffskl\u00e4rung &#8211; mit eindeutiger Zuordnung in der K\u00f6rpergrafik. Wir schauen uns genau an: Welches sind die wirklichen Grundlagen unseres Immunsystems und der Gesundheit? Wie sind sie aufgebaut und wie arbeiten sie im Alltag? Welche Teil-Aufgabe hat darin das Milz-Zentrum? Leicht nachvollziehbar zeigen sich uns alle Antworten deutlich in der K\u00f6rpergrafik. Nur wer das genau versteht, kann klarer bei sich selbst schauen und anderen wirklich verl\u00e4ssliche und hilfreiche Auskunft geben.<\/p>\n<p>Voraussetzung: Grundlagen 1<br \/>\nMP3 Download\u00a0&amp; Grafiken<\/p>\n","protected":false},"excerpt":{"rendered":"<p>Dieses Seminar bietet eine detaillierte Kl\u00e4rung der grundlegenden Begriffe und deren Zuordnung in der K\u00f6rpergrafik. Erfahren Sie, wie das Immunsystem tats\u00e4chlich funktioniert und welche Rolle das Milz-Zentrum spielt.<\/p>\n<p><strong>Details:<\/strong><\/p>\n<ul>\n<li><strong>Serie:<\/strong> HD Gesundheit, Teil 4, Sommerschule 2011<\/li>\n<li><strong>Voraussetzung:<\/strong> Grundlagen 1<\/li>\n<\/ul>\n<p><strong>Format:<\/strong><\/p>\n<ul>\n<li>MP3 Audio Download<\/li>\n<li>Grafiken<\/li>\n<\/ul>\n","protected":false},"featured_media":22163,"comment_status":"closed","ping_status":"closed","template":"","meta":[],"product_brand":[],"product_cat":[17],"product_tag":[],"class_list":{"0":"post-2641","1":"product","2":"type-product","3":"status-publish","4":"has-post-thumbnail","6":"product_cat-audiovideo","7":"product_shipping_class-download-produkte","9":"first","10":"instock","11":"downloadable","12":"virtual","13":"taxable","14":"purchasable","15":"product-type-simple"},"_links":{"self":[{"href":"https:\/\/www.humandesignsystem.info\/en\/wp-json\/wp\/v2\/product\/2641","targetHints":{"allow":["GET"]}}],"collection":[{"href":"https:\/\/www.humandesignsystem.info\/en\/wp-json\/wp\/v2\/product"}],"about":[{"href":"https:\/\/www.humandesignsystem.info\/en\/wp-json\/wp\/v2\/types\/product"}],"replies":[{"embeddable":true,"href":"https:\/\/www.humandesignsystem.info\/en\/wp-json\/wp\/v2\/comments?post=2641"}],"version-history":[{"count":0,"href":"https:\/\/www.humandesignsystem.info\/en\/wp-json\/wp\/v2\/product\/2641\/revisions"}],"wp:featuredmedia":[{"embeddable":true,"href":"https:\/\/www.humandesignsystem.info\/en\/wp-json\/wp\/v2\/media\/22163"}],"wp:attachment":[{"href":"https:\/\/www.humandesignsystem.info\/en\/wp-json\/wp\/v2\/media?parent=2641"}],"wp:term":[{"taxonomy":"product_brand","embeddable":true,"href":"https:\/\/www.humandesignsystem.info\/en\/wp-json\/wp\/v2\/product_brand?post=2641"},{"taxonomy":"product_cat","embeddable":true,"href":"https:\/\/www.humandesignsystem.info\/en\/wp-json\/wp\/v2\/product_cat?post=2641"},{"taxonomy":"product_tag","embeddable":true,"href":"https:\/\/www.humandesignsystem.info\/en\/wp-json\/wp\/v2\/product_tag?post=2641"}],"curies":[{"name":"wp","href":"https:\/\/api.w.org\/{rel}","templated":true}]}}