{"id":2642,"date":"2014-10-29T14:44:55","date_gmt":"2014-10-29T13:44:55","guid":{"rendered":"https:\/\/www.humandesignsystem.info\/?post_type=product&#038;p=2642"},"modified":"2024-09-26T13:56:48","modified_gmt":"2024-09-26T11:56:48","slug":"solange-das-herz-schlaegt","status":"publish","type":"product","link":"https:\/\/www.humandesignsystem.info\/en\/produkt\/solange-das-herz-schlaegt\/","title":{"rendered":"Martin Grassinger Solange das Herz schl\u00e4gt"},"content":{"rendered":"<h3>Solange das Herz schl\u00e4gt<\/h3>\n<p>Sommerschule 2012<\/p>\n<p>In Bezug auf die K\u00f6rpergrafik ist immer zu beachten: Das Milz-Zentrum ist nicht die Milz, managt aber ein paar Aspekte von ihr. Ebenso ist das Herz-Zentrum nicht das Herz, denn seine Funktionen werden von mehreren anderen Zentren in der K\u00f6rpergrafik gemanagt.<br \/>\nAber welche anderen Aspekte der menschlichen K\u00f6rperlichkeit repr\u00e4sentiert dann das Herz-Zentrum? Es geh\u00f6rt zu einem Drittel zum Herz-Kreislauf-System, ist u.a. ein sehr wichtiger Teil unseres komplexen Verdauungssystems etc. Welche Organe, Funktionen und Arbeitsweisen sind es?<\/p>\n<p>Dieses kleine Seminar ist eine ungew\u00f6hnliche Reise durch die K\u00f6rpergrafik und unseren K\u00f6rper, eine Reise, die sich am Leben orientiert, die u.a. die tats\u00e4chlichen Zusammenh\u00e4nge aufzeigt, die wirklich unser Herz schlagen lassen, unser Verdauungssystem in Gang halten und unser Atmungssystem aufrecht halten&#8230;<\/p>\n<p>MP3 Audio Download &amp; Grafiken<\/p>\n","protected":false},"excerpt":{"rendered":"<p>Erleben Sie, wie das Herz-Zentrum unser Herz-Kreislauf-System, Verdauungssystem und Atmungssystem beeinflusst.<\/p>\n<p><strong>Details:<\/strong><\/p>\n<ul>\n<li><strong>Seminar:<\/strong> Solange das Herz schl\u00e4gt<\/li>\n<li><strong>Serie:<\/strong> Sommerschule 2012<\/li>\n<\/ul>\n<p><strong>Format:<\/strong><\/p>\n<ul>\n<li>MP3 Audio Download<\/li>\n<li>Grafiken<\/li>\n<\/ul>\n","protected":false},"featured_media":22161,"comment_status":"closed","ping_status":"closed","template":"","meta":[],"product_brand":[],"product_cat":[17],"product_tag":[],"class_list":{"0":"post-2642","1":"product","2":"type-product","3":"status-publish","4":"has-post-thumbnail","6":"product_cat-audiovideo","7":"product_shipping_class-download-produkte","9":"first","10":"instock","11":"downloadable","12":"virtual","13":"taxable","14":"purchasable","15":"product-type-simple"},"_links":{"self":[{"href":"https:\/\/www.humandesignsystem.info\/en\/wp-json\/wp\/v2\/product\/2642","targetHints":{"allow":["GET"]}}],"collection":[{"href":"https:\/\/www.humandesignsystem.info\/en\/wp-json\/wp\/v2\/product"}],"about":[{"href":"https:\/\/www.humandesignsystem.info\/en\/wp-json\/wp\/v2\/types\/product"}],"replies":[{"embeddable":true,"href":"https:\/\/www.humandesignsystem.info\/en\/wp-json\/wp\/v2\/comments?post=2642"}],"version-history":[{"count":0,"href":"https:\/\/www.humandesignsystem.info\/en\/wp-json\/wp\/v2\/product\/2642\/revisions"}],"wp:featuredmedia":[{"embeddable":true,"href":"https:\/\/www.humandesignsystem.info\/en\/wp-json\/wp\/v2\/media\/22161"}],"wp:attachment":[{"href":"https:\/\/www.humandesignsystem.info\/en\/wp-json\/wp\/v2\/media?parent=2642"}],"wp:term":[{"taxonomy":"product_brand","embeddable":true,"href":"https:\/\/www.humandesignsystem.info\/en\/wp-json\/wp\/v2\/product_brand?post=2642"},{"taxonomy":"product_cat","embeddable":true,"href":"https:\/\/www.humandesignsystem.info\/en\/wp-json\/wp\/v2\/product_cat?post=2642"},{"taxonomy":"product_tag","embeddable":true,"href":"https:\/\/www.humandesignsystem.info\/en\/wp-json\/wp\/v2\/product_tag?post=2642"}],"curies":[{"name":"wp","href":"https:\/\/api.w.org\/{rel}","templated":true}]}}