{"id":2643,"date":"2014-10-29T14:45:48","date_gmt":"2014-10-29T13:45:48","guid":{"rendered":"https:\/\/www.humandesignsystem.info\/?post_type=product&#038;p=2643"},"modified":"2024-10-01T10:36:12","modified_gmt":"2024-10-01T08:36:12","slug":"strategie-der-offenen-zentren","status":"publish","type":"product","link":"https:\/\/www.humandesignsystem.info\/en\/produkt\/strategie-der-offenen-zentren\/","title":{"rendered":"Ra Uru Hu, Die Strategie der offenen Zentren"},"content":{"rendered":"<p>Mag. Ilse Kratochvils <strong>live \u00dcbersetzung<\/strong> vom Vortrag von Ra Uru Hu in Wien, in dem er ausf\u00fchrlich \u00fcber die Strategien der offenen Zentren spricht, die das Nicht-Selbst im Laufe der Zeit entwickelt. Dies ist ein Produkt, das sowohl f\u00fcr Anf\u00e4nger als auch Fortgeschrittene gut geeignet ist. In bekannt humorvoller Weise geht Ra auf jedes einzelne Zentrum ein und f\u00fchrt eindringlich vor, welche Fallen f\u00fcr konditionierte Menschen in der Offenheit warten &#8211; und wie einfach sie zu vermeiden sind.<\/p>\n<p>Ra Uru Hu, Die Strategie der offenen Zentren als Audio Download in mp3<\/p>\n","protected":false},"excerpt":{"rendered":"<p>Mag. Ilse Kratochvils live \u00dcbersetzung vom Vortrag von Ra Uru Hu in Wien, in dem er ausf\u00fchrlich \u00fcber die Strategien der offenen Zentren spricht, die das Nicht-Selbst im Laufe der Zeit entwickelt. Dies ist ein Produkt, das sowohl f\u00fcr Anf\u00e4nger als auch Fortgeschrittene gut geeignet ist. In bekannt humorvoller Weise geht Ra auf jedes einzelne [&hellip;]<\/p>\n","protected":false},"featured_media":22792,"comment_status":"closed","ping_status":"closed","template":"","meta":[],"product_brand":[],"product_cat":[17],"product_tag":[],"class_list":{"0":"post-2643","1":"product","2":"type-product","3":"status-publish","4":"has-post-thumbnail","6":"product_cat-audiovideo","7":"product_shipping_class-download-produkte","9":"first","10":"instock","11":"downloadable","12":"virtual","13":"taxable","14":"purchasable","15":"product-type-simple"},"_links":{"self":[{"href":"https:\/\/www.humandesignsystem.info\/en\/wp-json\/wp\/v2\/product\/2643","targetHints":{"allow":["GET"]}}],"collection":[{"href":"https:\/\/www.humandesignsystem.info\/en\/wp-json\/wp\/v2\/product"}],"about":[{"href":"https:\/\/www.humandesignsystem.info\/en\/wp-json\/wp\/v2\/types\/product"}],"replies":[{"embeddable":true,"href":"https:\/\/www.humandesignsystem.info\/en\/wp-json\/wp\/v2\/comments?post=2643"}],"version-history":[{"count":0,"href":"https:\/\/www.humandesignsystem.info\/en\/wp-json\/wp\/v2\/product\/2643\/revisions"}],"wp:featuredmedia":[{"embeddable":true,"href":"https:\/\/www.humandesignsystem.info\/en\/wp-json\/wp\/v2\/media\/22792"}],"wp:attachment":[{"href":"https:\/\/www.humandesignsystem.info\/en\/wp-json\/wp\/v2\/media?parent=2643"}],"wp:term":[{"taxonomy":"product_brand","embeddable":true,"href":"https:\/\/www.humandesignsystem.info\/en\/wp-json\/wp\/v2\/product_brand?post=2643"},{"taxonomy":"product_cat","embeddable":true,"href":"https:\/\/www.humandesignsystem.info\/en\/wp-json\/wp\/v2\/product_cat?post=2643"},{"taxonomy":"product_tag","embeddable":true,"href":"https:\/\/www.humandesignsystem.info\/en\/wp-json\/wp\/v2\/product_tag?post=2643"}],"curies":[{"name":"wp","href":"https:\/\/api.w.org\/{rel}","templated":true}]}}