{"id":2652,"date":"2014-10-29T14:53:53","date_gmt":"2014-10-29T13:53:53","guid":{"rendered":"https:\/\/www.humandesignsystem.info\/?post_type=product&#038;p=2652"},"modified":"2024-10-01T10:36:21","modified_gmt":"2024-10-01T08:36:21","slug":"rediscovering-the-nodes","status":"publish","type":"product","link":"https:\/\/www.humandesignsystem.info\/en\/produkt\/rediscovering-the-nodes\/","title":{"rendered":"Ra Uru Hu, Rediscovering the Nodes"},"content":{"rendered":"<p>Live Aufnahme des Kurses von Ra Uru Hu in Wien im November 2005<\/p>\n<p>Wie erscheint die Welt f\u00fcr mich? Auf welcher B\u00fchne findet mein Leben statt?<br \/>\nDie 32 Mondknotenachsen zeigen den jeweiligen Rahmen der pers\u00f6nlichen Sichtweise<\/p>\n<p>MP3 Download<br \/>\n<strong>ENGLISCHER<\/strong> Originalton<\/p>\n","protected":false},"excerpt":{"rendered":"<p>Live Aufnahme des Kurses von Ra Uru Hu in Wien im November 2005 Wie erscheint die Welt f\u00fcr mich? Auf welcher B\u00fchne findet mein Leben statt? Die 32 Mondknotenachsen zeigen den jeweiligen Rahmen der pers\u00f6nlichen Sichtweise MP3 Download ENGLISCHER Originalton<\/p>\n","protected":false},"featured_media":22203,"comment_status":"closed","ping_status":"closed","template":"","meta":[],"product_brand":[],"product_cat":[17],"product_tag":[],"class_list":{"0":"post-2652","1":"product","2":"type-product","3":"status-publish","4":"has-post-thumbnail","6":"product_cat-audiovideo","7":"product_shipping_class-download-produkte","9":"first","10":"instock","11":"downloadable","12":"virtual","13":"taxable","14":"purchasable","15":"product-type-simple"},"_links":{"self":[{"href":"https:\/\/www.humandesignsystem.info\/en\/wp-json\/wp\/v2\/product\/2652","targetHints":{"allow":["GET"]}}],"collection":[{"href":"https:\/\/www.humandesignsystem.info\/en\/wp-json\/wp\/v2\/product"}],"about":[{"href":"https:\/\/www.humandesignsystem.info\/en\/wp-json\/wp\/v2\/types\/product"}],"replies":[{"embeddable":true,"href":"https:\/\/www.humandesignsystem.info\/en\/wp-json\/wp\/v2\/comments?post=2652"}],"version-history":[{"count":0,"href":"https:\/\/www.humandesignsystem.info\/en\/wp-json\/wp\/v2\/product\/2652\/revisions"}],"wp:featuredmedia":[{"embeddable":true,"href":"https:\/\/www.humandesignsystem.info\/en\/wp-json\/wp\/v2\/media\/22203"}],"wp:attachment":[{"href":"https:\/\/www.humandesignsystem.info\/en\/wp-json\/wp\/v2\/media?parent=2652"}],"wp:term":[{"taxonomy":"product_brand","embeddable":true,"href":"https:\/\/www.humandesignsystem.info\/en\/wp-json\/wp\/v2\/product_brand?post=2652"},{"taxonomy":"product_cat","embeddable":true,"href":"https:\/\/www.humandesignsystem.info\/en\/wp-json\/wp\/v2\/product_cat?post=2652"},{"taxonomy":"product_tag","embeddable":true,"href":"https:\/\/www.humandesignsystem.info\/en\/wp-json\/wp\/v2\/product_tag?post=2652"}],"curies":[{"name":"wp","href":"https:\/\/api.w.org\/{rel}","templated":true}]}}