{"id":2655,"date":"2014-10-29T14:57:22","date_gmt":"2014-10-29T13:57:22","guid":{"rendered":"https:\/\/www.humandesignsystem.info\/?post_type=product&#038;p=2655"},"modified":"2024-09-26T15:48:20","modified_gmt":"2024-09-26T13:48:20","slug":"stufe-1-die-hexagramme","status":"publish","type":"product","link":"https:\/\/www.humandesignsystem.info\/en\/produkt\/stufe-1-die-hexagramme\/","title":{"rendered":"Martin Grassinger, Stufe 1 Die Hexagramme"},"content":{"rendered":"<h2><strong>Stufe 1, Die Hexagramme, SPEZIAL \u2013 Analytiker-Ausbildung<\/strong><\/h2>\n<p>Erweitern Sie Ihr Wissen \u00fcber die Hexagramme im Human Design mit dieser spezialisierten Analytiker-Ausbildung. Diese exklusive Aufzeichnung des 4-t\u00e4gigen LIVE Kurses von Martin Grassinger aus M\u00e4rz\/April 2022 in Wien bietet umfassende und tiefgehende Einblicke in die Ausbildung der Stufe 1 die Hexagramme. Dieser Kurs ist speziell f\u00fcr Absolventen der Stufe 1 (ATL 1 oder PTL 1) konzipiert und eignet sich perfekt f\u00fcr alle, die ihre analytischen F\u00e4higkeiten vertiefen m\u00f6chten.<\/p>\n<p><strong>Details:<\/strong><\/p>\n<ul>\n<li><strong>Kurs:<\/strong> Stufe 1 Die Hexagramme, SPEZIAL<\/li>\n<li><strong>Art:<\/strong> Analytiker-Ausbildung<\/li>\n<li><strong>Aufzeichnung:<\/strong> 4-t\u00e4giger LIVE Kurs von Martin Grassinger<\/li>\n<li><strong>Datum:<\/strong> M\u00e4rz\/April 2022<\/li>\n<li><strong>Ort:<\/strong> Wien<\/li>\n<li><strong>Format:<\/strong> mp4 Video<\/li>\n<li><strong>Teile:<\/strong> 8 Teile<\/li>\n<li><strong>Dauer:<\/strong> ca. 21 Stunden<\/li>\n<li><span style=\"color: #ff0000;\"><strong>ACHTUNG!:<\/strong> Nur f\u00fcr Wiederholer (Absolventen der Stufe 1 &#8211; ATL 1 oder PTL 1)<\/span><\/li>\n<\/ul>\n<p>Diese Aufzeichnung bietet Ihnen eine einmalige Gelegenheit, Ihr Verst\u00e4ndnis und Ihre F\u00e4higkeiten im Bereich der Hexagramme im Human Design zu vertiefen. Nutzen Sie diese Chance, um sich weiterzubilden und Ihre analytischen F\u00e4higkeiten auf ein neues Niveau zu heben.<\/p>\n<p>Sie erhalten den Download-Link nach \u00dcberpr\u00fcfung Ihres Ausbildungs-Standes.<\/p>\n","protected":false},"excerpt":{"rendered":"<p>Vertiefen Sie Ihr Wissen \u00fcber die Hexagramme im Human Design mit diesem exklusiven Kurs von Martin Grassinger.<\/p>\n<p><strong>Details:<\/strong><\/p>\n<ul>\n<li><strong>Aufzeichnung:<\/strong> 4-t\u00e4giger LIVE Kurs (M\u00e4rz\/April 2022)<\/li>\n<li><strong>ACHTUNG:<\/strong> NUR f\u00fcr Wiederholer (Absolventen der Stufe 1 &#8211; ATL 1 oder PTL 1)<\/li>\n<\/ul>\n<p><strong>Format:<\/strong><\/p>\n<ul>\n<li>mp4 Video, 8\u00a0Teile, ca. 21 Stunden<\/li>\n<\/ul>\n","protected":false},"featured_media":22167,"comment_status":"closed","ping_status":"closed","template":"","meta":[],"product_brand":[],"product_cat":[17],"product_tag":[],"class_list":{"0":"post-2655","1":"product","2":"type-product","3":"status-publish","4":"has-post-thumbnail","6":"product_cat-audiovideo","7":"product_shipping_class-download-produkte","9":"first","10":"instock","11":"virtual","12":"taxable","13":"purchasable","14":"product-type-simple"},"_links":{"self":[{"href":"https:\/\/www.humandesignsystem.info\/en\/wp-json\/wp\/v2\/product\/2655","targetHints":{"allow":["GET"]}}],"collection":[{"href":"https:\/\/www.humandesignsystem.info\/en\/wp-json\/wp\/v2\/product"}],"about":[{"href":"https:\/\/www.humandesignsystem.info\/en\/wp-json\/wp\/v2\/types\/product"}],"replies":[{"embeddable":true,"href":"https:\/\/www.humandesignsystem.info\/en\/wp-json\/wp\/v2\/comments?post=2655"}],"version-history":[{"count":0,"href":"https:\/\/www.humandesignsystem.info\/en\/wp-json\/wp\/v2\/product\/2655\/revisions"}],"wp:featuredmedia":[{"embeddable":true,"href":"https:\/\/www.humandesignsystem.info\/en\/wp-json\/wp\/v2\/media\/22167"}],"wp:attachment":[{"href":"https:\/\/www.humandesignsystem.info\/en\/wp-json\/wp\/v2\/media?parent=2655"}],"wp:term":[{"taxonomy":"product_brand","embeddable":true,"href":"https:\/\/www.humandesignsystem.info\/en\/wp-json\/wp\/v2\/product_brand?post=2655"},{"taxonomy":"product_cat","embeddable":true,"href":"https:\/\/www.humandesignsystem.info\/en\/wp-json\/wp\/v2\/product_cat?post=2655"},{"taxonomy":"product_tag","embeddable":true,"href":"https:\/\/www.humandesignsystem.info\/en\/wp-json\/wp\/v2\/product_tag?post=2655"}],"curies":[{"name":"wp","href":"https:\/\/api.w.org\/{rel}","templated":true}]}}