{"id":2656,"date":"2014-10-29T14:59:57","date_gmt":"2014-10-29T13:59:57","guid":{"rendered":"https:\/\/www.humandesignsystem.info\/?post_type=product&#038;p=2656"},"modified":"2024-09-26T15:45:05","modified_gmt":"2024-09-26T13:45:05","slug":"stufe-3-die-kreuze","status":"publish","type":"product","link":"https:\/\/www.humandesignsystem.info\/en\/produkt\/stufe-3-die-kreuze\/","title":{"rendered":"Martin Grassinger, Stufe 3 Die Kreuze"},"content":{"rendered":"<h2><strong>Stufe 3, Die Kreuze \u2013 Analytiker-Ausbildung<\/strong><\/h2>\n<p>Vertiefen Sie Ihr Wissen \u00fcber die Kreuze im Human Design mit diesem exklusiven Kurs von Martin Grassinger. Dieser Kurs bietet tiefgehende Einblicke und detaillierte Analysen der Kreuze und ist speziell f\u00fcr Absolventen der Stufe 3 konzipiert.<\/p>\n<p><strong>Details:<\/strong><\/p>\n<ul>\n<li>Audiomitschnitt und Grafiken aus dem Kurs von Martin Grassinger im September 2010 in Wien<\/li>\n<li><span style=\"color: #ff0000;\"><strong>ACHTUNG:<\/strong> NUR f\u00fcr Wiederholer (Absolventen der Stufe 3)<\/span><\/li>\n<\/ul>\n<p><strong>Format:<\/strong><\/p>\n<ul>\n<li>MP3 Audiomitschnitt<\/li>\n<li>Grafiken aus dem Kurs<\/li>\n<\/ul>\n<p>Nutzen Sie diese umfassende Ressource, um Ihr Verst\u00e4ndnis und Ihre analytischen F\u00e4higkeiten im Bereich der Kreuze im Human Design weiter zu vertiefen. Ideal f\u00fcr alle, die ihre Expertise auf ein neues Level heben m\u00f6chten.<\/p>\n<p>Sie erhalten den Download-Link nach \u00dcberpr\u00fcfung Ihres Ausbildungs-Standes.<\/p>\n","protected":false},"excerpt":{"rendered":"<p>Vertiefen Sie Ihr Wissen \u00fcber die Kreuze im Human Design mit diesem exklusiven Kurs von Martin Grassinger.<\/p>\n<p><strong>Details:<\/strong><\/p>\n<ul>\n<li>Audiomitschnitt\u00a0und Grafiken aus dem Kurs (September 2010)<\/li>\n<li><span style=\"color: #ff0000;\"><strong>ACHTUNG:<\/strong> NUR f\u00fcr Wiederholer (Absolventen der Stufe 3)<\/span><\/li>\n<\/ul>\n<p><strong>Format:<\/strong><\/p>\n<ul>\n<li>MP3 Mitschnitt<\/li>\n<li>Grafiken aus dem Kurs<\/li>\n<\/ul>\n","protected":false},"featured_media":22168,"comment_status":"closed","ping_status":"closed","template":"","meta":[],"product_brand":[],"product_cat":[17],"product_tag":[],"class_list":{"0":"post-2656","1":"product","2":"type-product","3":"status-publish","4":"has-post-thumbnail","6":"product_cat-audiovideo","7":"product_shipping_class-download-produkte","9":"first","10":"instock","11":"virtual","12":"taxable","13":"purchasable","14":"product-type-simple"},"_links":{"self":[{"href":"https:\/\/www.humandesignsystem.info\/en\/wp-json\/wp\/v2\/product\/2656","targetHints":{"allow":["GET"]}}],"collection":[{"href":"https:\/\/www.humandesignsystem.info\/en\/wp-json\/wp\/v2\/product"}],"about":[{"href":"https:\/\/www.humandesignsystem.info\/en\/wp-json\/wp\/v2\/types\/product"}],"replies":[{"embeddable":true,"href":"https:\/\/www.humandesignsystem.info\/en\/wp-json\/wp\/v2\/comments?post=2656"}],"version-history":[{"count":0,"href":"https:\/\/www.humandesignsystem.info\/en\/wp-json\/wp\/v2\/product\/2656\/revisions"}],"wp:featuredmedia":[{"embeddable":true,"href":"https:\/\/www.humandesignsystem.info\/en\/wp-json\/wp\/v2\/media\/22168"}],"wp:attachment":[{"href":"https:\/\/www.humandesignsystem.info\/en\/wp-json\/wp\/v2\/media?parent=2656"}],"wp:term":[{"taxonomy":"product_brand","embeddable":true,"href":"https:\/\/www.humandesignsystem.info\/en\/wp-json\/wp\/v2\/product_brand?post=2656"},{"taxonomy":"product_cat","embeddable":true,"href":"https:\/\/www.humandesignsystem.info\/en\/wp-json\/wp\/v2\/product_cat?post=2656"},{"taxonomy":"product_tag","embeddable":true,"href":"https:\/\/www.humandesignsystem.info\/en\/wp-json\/wp\/v2\/product_tag?post=2656"}],"curies":[{"name":"wp","href":"https:\/\/api.w.org\/{rel}","templated":true}]}}