{"id":2669,"date":"2014-10-29T15:11:04","date_gmt":"2014-10-29T14:11:04","guid":{"rendered":"https:\/\/www.humandesignsystem.info\/?post_type=product&#038;p=2669"},"modified":"2024-10-16T11:32:45","modified_gmt":"2024-10-16T09:32:45","slug":"rave-psychologie-nn","status":"publish","type":"product","link":"https:\/\/www.humandesignsystem.info\/en\/produkt\/rave-psychologie-nn\/","title":{"rendered":"Ra Uru Hu, Rave Psychologie \/ Nature &#038; Nurture"},"content":{"rendered":"<p>Nature and Nurture &#8211;\u00a0<strong>Das Nat\u00fcrliche und das Gelernte<\/strong><br \/>\nIn diesem Kurs spricht Ra \u00fcber den Unterschied zwischen Manipulation und Unterst\u00fctzung. Auf welche Art werden unsere schlummernden Potentiale von anderen gef\u00f6rdert? Wie kommen diese nicht aktiven Anteile &#8220;richtig&#8221; zum Tragen, wer manipuliert uns, wer f\u00f6rdert uns? Es zeigt sich, wie jeder &#8220;korrekt&#8221; und seinem Design gem\u00e4\u00df &#8220;funktionieren&#8221; kann, wie es aussieht, wie wir aussehen, wenn wir unser Design wirklich leben, wenn wir wirklich wir selbst sind. Die Br\u00fccken erweisen sich als &#8220;Fallen&#8221;, wichtig f\u00fcr das Nicht-Selbst, aber kein Reiz mehr f\u00fcr das Selbst!<\/p>\n<p>Live Aufnahme des kompletten Kurses<\/p>\n<p>ca. 2 Stunden, MP3 Download, deutsche \u00dcbersetzung (Mag. Ilse Kratochvil)<\/p>\n","protected":false},"excerpt":{"rendered":"<p>Der Unterschied und die Spannung zwischen den nat\u00fcrlichen Veranlagungen und der konditionierenden Beeinflussung von au\u00dfen<\/p>\n","protected":false},"featured_media":22244,"comment_status":"closed","ping_status":"closed","template":"","meta":[],"product_brand":[],"product_cat":[17],"product_tag":[],"class_list":{"0":"post-2669","1":"product","2":"type-product","3":"status-publish","4":"has-post-thumbnail","6":"product_cat-audiovideo","7":"product_shipping_class-download-produkte","9":"first","10":"instock","11":"downloadable","12":"virtual","13":"taxable","14":"purchasable","15":"product-type-simple"},"_links":{"self":[{"href":"https:\/\/www.humandesignsystem.info\/en\/wp-json\/wp\/v2\/product\/2669","targetHints":{"allow":["GET"]}}],"collection":[{"href":"https:\/\/www.humandesignsystem.info\/en\/wp-json\/wp\/v2\/product"}],"about":[{"href":"https:\/\/www.humandesignsystem.info\/en\/wp-json\/wp\/v2\/types\/product"}],"replies":[{"embeddable":true,"href":"https:\/\/www.humandesignsystem.info\/en\/wp-json\/wp\/v2\/comments?post=2669"}],"version-history":[{"count":0,"href":"https:\/\/www.humandesignsystem.info\/en\/wp-json\/wp\/v2\/product\/2669\/revisions"}],"wp:featuredmedia":[{"embeddable":true,"href":"https:\/\/www.humandesignsystem.info\/en\/wp-json\/wp\/v2\/media\/22244"}],"wp:attachment":[{"href":"https:\/\/www.humandesignsystem.info\/en\/wp-json\/wp\/v2\/media?parent=2669"}],"wp:term":[{"taxonomy":"product_brand","embeddable":true,"href":"https:\/\/www.humandesignsystem.info\/en\/wp-json\/wp\/v2\/product_brand?post=2669"},{"taxonomy":"product_cat","embeddable":true,"href":"https:\/\/www.humandesignsystem.info\/en\/wp-json\/wp\/v2\/product_cat?post=2669"},{"taxonomy":"product_tag","embeddable":true,"href":"https:\/\/www.humandesignsystem.info\/en\/wp-json\/wp\/v2\/product_tag?post=2669"}],"curies":[{"name":"wp","href":"https:\/\/api.w.org\/{rel}","templated":true}]}}