{"id":2670,"date":"2014-10-29T15:11:51","date_gmt":"2014-10-29T14:11:51","guid":{"rendered":"https:\/\/www.humandesignsystem.info\/?post_type=product&#038;p=2670"},"modified":"2024-12-16T10:40:45","modified_gmt":"2024-12-16T09:40:45","slug":"inkarnationskreuze","status":"publish","type":"product","link":"https:\/\/www.humandesignsystem.info\/en\/produkt\/inkarnationskreuze\/","title":{"rendered":"Ilse Sendler, Die Inkarnationskreuze"},"content":{"rendered":"<h2><strong>Die Inkarnationskreuze<\/strong><\/h2>\n<p><strong>Die Kreuze der Inkarnation<\/strong><\/p>\n<p><strong>Entdecken Sie die Tiefen der Inkarnationskreuze mit Ilse Sendler<\/strong> Tauchen Sie ein in die Analyse der vier Viertel der Inkarnation und lernen Sie die spezifischen Eigenschaften und Bedeutungen der rechten, Juxtaposition und linken Kreuze kennen. Spannende Einblicke, Mitschnitt der Online-Radiobeitr\u00e4ge von Ilse Sendler.<\/p>\n<p><strong>Details zu den Vierteln:<\/strong><\/p>\n<ul>\n<li><strong>1. Viertel der Initiation:<\/strong>\n<ul>\n<li>\u00dcberblick \u00fcber alle rechten, Juxtaposition und linken Kreuze des 1. Viertels.<\/li>\n<\/ul>\n<\/li>\n<li><strong>2. Viertel der Zivilisation:<\/strong>\n<ul>\n<li>\u00dcberblick \u00fcber alle rechten, Juxtaposition und linken Kreuze des 2. Viertels.<\/li>\n<\/ul>\n<\/li>\n<li><strong>3. Viertel der Dualit\u00e4t:<\/strong>\n<ul>\n<li>\u00dcberblick \u00fcber alle rechten, Juxtaposition und linken Kreuze des 3. Viertels.<\/li>\n<\/ul>\n<\/li>\n<li><strong>4. Viertel der Mutation:<\/strong>\n<ul>\n<li>\u00dcberblick \u00fcber alle rechten, Juxtaposition und linken Kreuze des 4. Viertels.<\/li>\n<\/ul>\n<\/li>\n<\/ul>\n<p><strong>SET Angebot:<\/strong><\/p>\n<ul>\n<li><strong>Alle vier Viertel der Inkarnation:<\/strong>\n<ul>\n<li>Initiation, Zivilisation, Dualit\u00e4t und Mutation.<\/li>\n<li>\u00dcberblick \u00fcber alle rechten, Juxtaposition und linken Kreuze.<\/li>\n<\/ul>\n<\/li>\n<\/ul>\n<p><strong>Format:<\/strong><\/p>\n<ul>\n<li>Ca. 10 Minuten pro Kreuz<\/li>\n<li>MP3 Audio Download<\/li>\n<\/ul>\n<p><strong>Zusammenfassung:<\/strong> Erweitern Sie Ihr Wissen \u00fcber die <strong>Inkarnationskreuze<\/strong> mit diesen lehrreichen Audio-Mitschnitten von Ilse Sendler. Diese Aufnahmen sind perfekt f\u00fcr alle, die tiefere Einblicke in die spirituellen und astrologischen Aspekte der Inkarnation suchen. Jedes Viertel bietet einen pr\u00e4gnanten und klaren \u00dcberblick, der sowohl f\u00fcr Anf\u00e4nger als auch f\u00fcr Fortgeschrittene geeignet ist. Mit dem SET Angebot erhalten Sie einen umfassenden Zugang zu allen vier Vierteln, ideal f\u00fcr ein vollst\u00e4ndiges Verst\u00e4ndnis der Inkarnationskreuze.<\/p>\n<p><strong>Weiterf\u00fchrende Lekt\u00fcre:<\/strong> Entdecken Sie die Inkarnationskreuze im Human Design von Ra Uru Hu in seinem Buch <strong>&#8220;<a href=\"https:\/\/www.humandesignsystem.info\/produkt\/die-inkarnationskreuze-5\/\">Die Inkarnationskreuze<\/a>&#8220;<\/strong>. Verstehen Sie Ihre Rolle und Ihren Zweck im Leben und die Beitr\u00e4ge zur Menschheitsgeschichte. Ein unverzichtbares Werk f\u00fcr alle, die sich tiefgehender mit den Inkarnationskreuzen auseinandersetzen m\u00f6chten.<\/p>\n","protected":false},"excerpt":{"rendered":"<p>Alle Inkarnationskreuze des Human Design Systems kurz, \u00fcbersichtlich und locker erkl\u00e4rt von Ilse Sendler<\/p>\n","protected":false},"featured_media":22211,"comment_status":"closed","ping_status":"closed","template":"","meta":[],"product_brand":[],"product_cat":[17],"product_tag":[],"class_list":{"0":"post-2670","1":"product","2":"type-product","3":"status-publish","4":"has-post-thumbnail","6":"product_cat-audiovideo","7":"product_shipping_class-download-produkte","9":"first","10":"instock","11":"taxable","12":"shipping-taxable","13":"purchasable","14":"product-type-variable"},"_links":{"self":[{"href":"https:\/\/www.humandesignsystem.info\/en\/wp-json\/wp\/v2\/product\/2670","targetHints":{"allow":["GET"]}}],"collection":[{"href":"https:\/\/www.humandesignsystem.info\/en\/wp-json\/wp\/v2\/product"}],"about":[{"href":"https:\/\/www.humandesignsystem.info\/en\/wp-json\/wp\/v2\/types\/product"}],"replies":[{"embeddable":true,"href":"https:\/\/www.humandesignsystem.info\/en\/wp-json\/wp\/v2\/comments?post=2670"}],"version-history":[{"count":0,"href":"https:\/\/www.humandesignsystem.info\/en\/wp-json\/wp\/v2\/product\/2670\/revisions"}],"wp:featuredmedia":[{"embeddable":true,"href":"https:\/\/www.humandesignsystem.info\/en\/wp-json\/wp\/v2\/media\/22211"}],"wp:attachment":[{"href":"https:\/\/www.humandesignsystem.info\/en\/wp-json\/wp\/v2\/media?parent=2670"}],"wp:term":[{"taxonomy":"product_brand","embeddable":true,"href":"https:\/\/www.humandesignsystem.info\/en\/wp-json\/wp\/v2\/product_brand?post=2670"},{"taxonomy":"product_cat","embeddable":true,"href":"https:\/\/www.humandesignsystem.info\/en\/wp-json\/wp\/v2\/product_cat?post=2670"},{"taxonomy":"product_tag","embeddable":true,"href":"https:\/\/www.humandesignsystem.info\/en\/wp-json\/wp\/v2\/product_tag?post=2670"}],"curies":[{"name":"wp","href":"https:\/\/api.w.org\/{rel}","templated":true}]}}