{"id":2677,"date":"2014-11-03T11:32:21","date_gmt":"2014-11-03T10:32:21","guid":{"rendered":"https:\/\/www.humandesignsystem.info\/?post_type=product&#038;p=2677"},"modified":"2025-08-21T10:13:45","modified_gmt":"2025-08-21T08:13:45","slug":"hilf-dir-selbst-zur-richtigen-entscheidung-2","status":"publish","type":"product","link":"https:\/\/www.humandesignsystem.info\/en\/produkt\/hilf-dir-selbst-zur-richtigen-entscheidung-2\/","title":{"rendered":"Hilf Dir Selbst zur richtigen Entscheidung"},"content":{"rendered":"<h4>Entdecken Sie Ihr wahres Selbst<\/h4>\n<p>&#8220;Hilf Dir Selbst zur richtigen Entscheidung! DAS HUMAN DESIGN SYSTEM&#8221; ist ein bahnbrechendes Taschenbuch, das am 5. Juni 2014 ver\u00f6ffentlicht wurde und den Lesern eine grundlegende, leicht verst\u00e4ndliche Einf\u00fchrung in das Human Design System bietet. Dieses Buch ist das erste seiner Art auf Deutsch und richtet sich an alle, die neugierig darauf sind, mehr \u00fcber sich selbst zu erfahren. Es ist eine unsch\u00e4tzbare Ressource, die Menschen bef\u00e4higt, die richtigen Entscheidungen in ihrem Leben zu treffen.<\/p>\n<p>Die Methode von &#8220;Hilf Dir Selbst zur richtigen Entscheidung&#8221; ist nicht nur f\u00fcr individuelle Selbsthilfe konzipiert, sondern bietet auch f\u00fcr Eltern, Lehrer, Therapeuten, \u00c4rzte und Heilpraktiker neue, effektive L\u00f6sungsans\u00e4tze. Die St\u00e4rke des Human Design Systems liegt in seiner F\u00e4higkeit, moderne Wissenschaften wie Bio-Chemie, Physik, Genetik und Astronomie mit den alten Weisheitslehren wie dem I-Ging, der Kabbala, der Chakrenlehre und der Astrologie zu verkn\u00fcpfen.<\/p>\n<p>Das Buch positioniert Human Design als eine logische und erfahrbare Methode, die jeder im Alltag testen kann. Es unterst\u00fctzt die Leser dabei, zu erkennen, ob ihr Leben ihrem wahren Potential entspricht. Durch die Anwendung des Human Designs k\u00f6nnen unpassende Verhaltensmuster erkannt und losgelassen werden, was das Leben sp\u00fcrbar erleichtert.<\/p>\n<p>Die Prinzipien und Techniken werden durch lebensnahe Beispiele und die umfangreiche Erfahrung der Autorin als Human Design Analytikerin und Lehrerin veranschaulicht. &#8220;Hilf Dir Selbst zur richtigen Entscheidung&#8221; ist mehr als nur ein Buch; es ist ein Wegweiser zu einem authentischeren und erf\u00fcllteren Leben.<\/p>\n<p>Ein umfassender \u00dcberblick \u00fcber die Themen und Inhalte des Human Design Systems,<\/p>\n<p>ISBN-13:\u00a09783955293475<br \/>\nTaschenbuch:\u00a0176 Seiten<br \/>\nMa\u00dfe:\u00a0211 x 148 mm<\/p>\n<p>&nbsp;<\/p>\n","protected":false},"excerpt":{"rendered":"<p>Das Human Design PRAXISBUCH von Marie-Luise Kreisz: erkenne dich selbst und triff korrekte Entscheidungen<\/p>\n","protected":false},"featured_media":21991,"comment_status":"closed","ping_status":"closed","template":"","meta":[],"product_brand":[],"product_cat":[16],"product_tag":[202],"class_list":{"0":"post-2677","1":"product","2":"type-product","3":"status-publish","4":"has-post-thumbnail","6":"product_cat-buecher-zum-hds","7":"product_tag-human-design-basis","9":"first","10":"instock","11":"taxable","12":"shipping-taxable","13":"purchasable","14":"product-type-simple"},"_links":{"self":[{"href":"https:\/\/www.humandesignsystem.info\/en\/wp-json\/wp\/v2\/product\/2677","targetHints":{"allow":["GET"]}}],"collection":[{"href":"https:\/\/www.humandesignsystem.info\/en\/wp-json\/wp\/v2\/product"}],"about":[{"href":"https:\/\/www.humandesignsystem.info\/en\/wp-json\/wp\/v2\/types\/product"}],"replies":[{"embeddable":true,"href":"https:\/\/www.humandesignsystem.info\/en\/wp-json\/wp\/v2\/comments?post=2677"}],"version-history":[{"count":0,"href":"https:\/\/www.humandesignsystem.info\/en\/wp-json\/wp\/v2\/product\/2677\/revisions"}],"wp:featuredmedia":[{"embeddable":true,"href":"https:\/\/www.humandesignsystem.info\/en\/wp-json\/wp\/v2\/media\/21991"}],"wp:attachment":[{"href":"https:\/\/www.humandesignsystem.info\/en\/wp-json\/wp\/v2\/media?parent=2677"}],"wp:term":[{"taxonomy":"product_brand","embeddable":true,"href":"https:\/\/www.humandesignsystem.info\/en\/wp-json\/wp\/v2\/product_brand?post=2677"},{"taxonomy":"product_cat","embeddable":true,"href":"https:\/\/www.humandesignsystem.info\/en\/wp-json\/wp\/v2\/product_cat?post=2677"},{"taxonomy":"product_tag","embeddable":true,"href":"https:\/\/www.humandesignsystem.info\/en\/wp-json\/wp\/v2\/product_tag?post=2677"}],"curies":[{"name":"wp","href":"https:\/\/api.w.org\/{rel}","templated":true}]}}