{"id":2681,"date":"2014-11-03T11:39:04","date_gmt":"2014-11-03T10:39:04","guid":{"rendered":"https:\/\/www.humandesignsystem.info\/?post_type=product&#038;p=2681"},"modified":"2025-10-15T09:39:53","modified_gmt":"2025-10-15T07:39:53","slug":"eine-reise-durch-das-human-design-mandala-2","status":"publish","type":"product","link":"https:\/\/www.humandesignsystem.info\/en\/produkt\/eine-reise-durch-das-human-design-mandala-2\/","title":{"rendered":"Band 1 &#8211; Eine Reise durch das Human Design-Mandala"},"content":{"rendered":"<h4>Mit den Schaltkreisen von Alpha zu Omega<\/h4>\n<p>Dr. Hans-Werner Janssen<\/p>\n<p>Dieses Buch setzt einen Kontrapunkt zu anderen Lehrb\u00fcchern. Hier werden nicht so sehr Fakten beschrieben, sondern eine Zeitreise durch die menschliche\u00a0 Existenz von Alpha bis Omega. Unser Wegf\u00fchrer ist das geheimnisvolle Mandala, als Formel des\u00a0 ebenso unergr\u00fcndlichen Lebens. Das Rad liefert die Dynamik der Bewegung. Es macht den zeitlichen\u00a0 Ablauf kosmischen Geschehens f\u00fcr uns sichtbar.<\/p>\n<p>Wir erleben diese Gesetzm\u00e4\u00dfigkeiten aber nicht abstrakt, sondern \u00e4u\u00dferst lebendig in der\u00a0 K\u00f6rpergrafik. In ihrem Inneren verfolgen wir die Abl\u00e4ufe, die im \u00c4u\u00dferen vorgegeben sind. Die\u00a0 Betrachtung f\u00fchrt tief in die Strukturen der K\u00f6rpergrafik. Die Komplexit\u00e4t unserer Existenz wird<br \/>\nbeschrieben durch die neun Zentren und die sechs Schaltkreise. Diese zeigen Teilbilder, deren\u00a0 unterschiedliche Qualit\u00e4ten wir ben\u00f6tigen, um angesichts der ganzen K\u00f6rpergrafik nicht die\u00a0 \u00dcbersicht zu verlieren.<\/p>\n<p>Wir starten mit einer leeren K\u00f6rpergrafik. In 64 Reisezielen werden nacheinander alle Schaltkreise\u00a0 erbaut. Jeder Leser wird die Reise anders erleben, je nachdem, wo er mit seinen eigenen Themen\u00a0einsteigt, anh\u00e4lt oder aussteigt.<\/p>\n<p><strong>Mit den 3 B\u00e4nden:<br \/>\n<\/strong><\/p>\n<ul>\n<li><em>\u00a0\u201eEine Reise durch das Human Design-Mandala\u201c, <\/em><\/li>\n<li><a href=\"https:\/\/www.humandesignsystem.info\/?product=die-oppositionen-im-human-design-mandala\"><em>\u201eOppositionen im Human Design Mandala\u201c<\/em><\/a><\/li>\n<li><a href=\"https:\/\/www.humandesignsystem.info\/?product=das-kreuz-mit-den-kreuzen\"><em>\u201eDas Kreuz mit den Kreuzen im Human Design-Mandala\u201c<\/em><\/a><\/li>\n<\/ul>\n<p><strong>ist eine umfassende Trilogie zur Lebensformel des HDS entstanden, die das kosmische Programm auf drei Ebenen beschreibt.<\/strong><\/p>\n<p>298 Seiten, mit 96 farbigen Grafiken, Softcover<br \/>\nISBN 978-3-85052-304-2<br \/>\nIbera Verlag, Wien<\/p>\n<p>Dr. Hans-Werner Janssen der Autor des Buches &#8220;<em>Eine Reise durch das Human Design-Mandala<\/em>&#8221;<br \/>\nJahrgang 1943. Studium der Chemie. Diplomchemiker, Promotion zum Dr. rer. nat. Seit 1997<br \/>\nBesch\u00e4ftigung mit dem Human Design System. \u201eEs war spirituelle Liebe auf den ersten Blick.\u201c Ausbildung als Analytiker und Lehrer f\u00fcr das HDS.<br \/>\nSein Motto: Living your Design. Zwei S\u00f6hne, lebt in Bad Bramstedt, Deutschland<\/p>\n","protected":false},"excerpt":{"rendered":"<p>Dr. Hans-Werner Janssen erkundet das Leben von Beginn bis Ende in der Abfolge der Hexagramme im Mandala<\/p>\n","protected":false},"featured_media":38412,"comment_status":"closed","ping_status":"closed","template":"","meta":[],"product_brand":[],"product_cat":[16],"product_tag":[],"class_list":{"0":"post-2681","1":"product","2":"type-product","3":"status-publish","4":"has-post-thumbnail","6":"product_cat-buecher-zum-hds","8":"first","9":"instock","10":"taxable","11":"shipping-taxable","12":"purchasable","13":"product-type-simple"},"_links":{"self":[{"href":"https:\/\/www.humandesignsystem.info\/en\/wp-json\/wp\/v2\/product\/2681","targetHints":{"allow":["GET"]}}],"collection":[{"href":"https:\/\/www.humandesignsystem.info\/en\/wp-json\/wp\/v2\/product"}],"about":[{"href":"https:\/\/www.humandesignsystem.info\/en\/wp-json\/wp\/v2\/types\/product"}],"replies":[{"embeddable":true,"href":"https:\/\/www.humandesignsystem.info\/en\/wp-json\/wp\/v2\/comments?post=2681"}],"version-history":[{"count":0,"href":"https:\/\/www.humandesignsystem.info\/en\/wp-json\/wp\/v2\/product\/2681\/revisions"}],"wp:featuredmedia":[{"embeddable":true,"href":"https:\/\/www.humandesignsystem.info\/en\/wp-json\/wp\/v2\/media\/38412"}],"wp:attachment":[{"href":"https:\/\/www.humandesignsystem.info\/en\/wp-json\/wp\/v2\/media?parent=2681"}],"wp:term":[{"taxonomy":"product_brand","embeddable":true,"href":"https:\/\/www.humandesignsystem.info\/en\/wp-json\/wp\/v2\/product_brand?post=2681"},{"taxonomy":"product_cat","embeddable":true,"href":"https:\/\/www.humandesignsystem.info\/en\/wp-json\/wp\/v2\/product_cat?post=2681"},{"taxonomy":"product_tag","embeddable":true,"href":"https:\/\/www.humandesignsystem.info\/en\/wp-json\/wp\/v2\/product_tag?post=2681"}],"curies":[{"name":"wp","href":"https:\/\/api.w.org\/{rel}","templated":true}]}}