{"id":2685,"date":"2014-11-03T11:44:41","date_gmt":"2014-11-03T10:44:41","guid":{"rendered":"https:\/\/www.humandesignsystem.info\/?post_type=product&#038;p=2685"},"modified":"2024-12-16T10:39:27","modified_gmt":"2024-12-16T09:39:27","slug":"einfuehrung-ins-phs","status":"publish","type":"product","link":"https:\/\/www.humandesignsystem.info\/en\/produkt\/einfuehrung-ins-phs\/","title":{"rendered":"Einf\u00fchrung ins PHS von Ra Uru Hu"},"content":{"rendered":"<h3>Eine Einf\u00fchrung ins PHS\u00a0 (Primary Health System)<\/h3>\n<p>Entdecken Sie das transformative Potential des Human Design Systems, insbesondere im Bereich der Ern\u00e4hrung! HDS bietet tiefgehende, praktische Methoden zur Selbsterkenntnis und Lebensverbesserung, indem es (unter vielem anderen) auch individuell angepasste Ern\u00e4hrungsempfehlungen aus der Analyse der unteren Ebenen der Linien (Farben und T\u00f6ne) liefert. Jede Person hat einzigartige Bed\u00fcrfnisse, die sich auch in der Art und Weise widerspiegeln, wie sie Nahrung zu sich nimmt und verdaut. Human Design zeigt Ihnen, wie Sie alte Muster und gesellschaftliche Konventionen durchbrechen k\u00f6nnen, um Ihre Gesundheit und Ihr Wohlbefinden zu steigern. Von der Auswahl der richtigen Lebensmittel bis hin zu den idealen \u00e4u\u00dferen Umst\u00e4nden \u2013 erleben Sie, wie ma\u00dfgeschneiderte Ern\u00e4hrung Ihr Leben positiv ver\u00e4ndert und zu einer besseren Gesundheit f\u00fchrt. Der Beginn liegt aber wie immer im Integrieren von Typ und Strategie ins t\u00e4gliche Leben.<\/p>\n<p>Abschrift und \u00dcbersetzung des Kurses von Ra Uru Hu vom Dezember 06<br \/>\nreich illustriert<br \/>\nA4, 38 Seiten<\/p>\n","protected":false},"excerpt":{"rendered":"<p>Die 12 grundlegenden Arten der korrekten Ern\u00e4hrung, Basis f\u00fcr Gesundheit und Wohlbefinden<\/p>\n","protected":false},"featured_media":22039,"comment_status":"closed","ping_status":"closed","template":"","meta":[],"product_brand":[],"product_cat":[16],"product_tag":[221,200,211],"class_list":{"0":"post-2685","1":"product","2":"type-product","3":"status-publish","4":"has-post-thumbnail","6":"product_cat-buecher-zum-hds","7":"product_tag-ernaehrung","8":"product_tag-gesundheit","9":"product_tag-linien","11":"first","12":"instock","13":"taxable","14":"shipping-taxable","15":"purchasable","16":"product-type-simple"},"_links":{"self":[{"href":"https:\/\/www.humandesignsystem.info\/en\/wp-json\/wp\/v2\/product\/2685","targetHints":{"allow":["GET"]}}],"collection":[{"href":"https:\/\/www.humandesignsystem.info\/en\/wp-json\/wp\/v2\/product"}],"about":[{"href":"https:\/\/www.humandesignsystem.info\/en\/wp-json\/wp\/v2\/types\/product"}],"replies":[{"embeddable":true,"href":"https:\/\/www.humandesignsystem.info\/en\/wp-json\/wp\/v2\/comments?post=2685"}],"version-history":[{"count":0,"href":"https:\/\/www.humandesignsystem.info\/en\/wp-json\/wp\/v2\/product\/2685\/revisions"}],"wp:featuredmedia":[{"embeddable":true,"href":"https:\/\/www.humandesignsystem.info\/en\/wp-json\/wp\/v2\/media\/22039"}],"wp:attachment":[{"href":"https:\/\/www.humandesignsystem.info\/en\/wp-json\/wp\/v2\/media?parent=2685"}],"wp:term":[{"taxonomy":"product_brand","embeddable":true,"href":"https:\/\/www.humandesignsystem.info\/en\/wp-json\/wp\/v2\/product_brand?post=2685"},{"taxonomy":"product_cat","embeddable":true,"href":"https:\/\/www.humandesignsystem.info\/en\/wp-json\/wp\/v2\/product_cat?post=2685"},{"taxonomy":"product_tag","embeddable":true,"href":"https:\/\/www.humandesignsystem.info\/en\/wp-json\/wp\/v2\/product_tag?post=2685"}],"curies":[{"name":"wp","href":"https:\/\/api.w.org\/{rel}","templated":true}]}}