{"id":2691,"date":"2014-11-03T11:51:05","date_gmt":"2014-11-03T10:51:05","guid":{"rendered":"https:\/\/www.humandesignsystem.info\/?post_type=product&#038;p=2691"},"modified":"2024-12-16T10:40:45","modified_gmt":"2024-12-16T09:40:45","slug":"human-design-einfuehrung-fuer-kinder-2","status":"publish","type":"product","link":"https:\/\/www.humandesignsystem.info\/en\/produkt\/human-design-einfuehrung-fuer-kinder-2\/","title":{"rendered":"Human Design Einf\u00fchrung f\u00fcr Kinder (personalisiert)"},"content":{"rendered":"<p style=\"text-align: justify;\">Eine allgemeine, kindgerechte Einf\u00fchrung in das Human Design System. Das Chart und die Zentren werden erkl\u00e4rt, genauso wie die Bedeutung der offenen bzw. definierten Zentren. In kindgerechter Sprache und mit lustigen Illustrationen k\u00f6nnen Kinder (ab ca. 6 Jahren) ihr eigenes Chart erforschen &#8211; und auch viele Erwachsene werden die grunds\u00e4tzlichen Erkl\u00e4rungen genie\u00dfen!<\/p>\n<p style=\"text-align: justify;\"><strong>In der &#8220;pers\u00f6nlichen&#8221; Ausf\u00fchrung steht am Deckblatt der Name des Kindes, sein Chart und die entsprechende, kindgerecht erkl\u00e4rte Strategie sind mit dabei. <\/strong><\/p>\n<p style=\"text-align: justify;\">\u27a1\ufe0f <span style=\"color: #ff0000;\">Bitte bei der BESTELLUNG Name, Geburtsdatum, Zeit und Ort eintragen!<\/span><\/p>\n<h4>Eine sinnvolle Human Design Einf\u00fchrung f\u00fcr Kinder, mit viel Spa\u00df!<\/h4>\n<p>A4, 9 Seiten, Kunststoffcover und Metallr\u00fccken<\/p>\n","protected":false},"excerpt":{"rendered":"<p>Ein spielerischer Weg, um Kinder mit ihrem eigenen Chart vertraut zu machen, unterst\u00fctzt durch lustige Illustrationen und leicht verst\u00e4ndliche Texte. Personalisiert<\/p>\n","protected":false},"featured_media":22015,"comment_status":"closed","ping_status":"closed","template":"","meta":[],"product_brand":[],"product_cat":[16],"product_tag":[202,220],"class_list":{"0":"post-2691","1":"product","2":"type-product","3":"status-publish","4":"has-post-thumbnail","6":"product_cat-buecher-zum-hds","7":"product_tag-human-design-basis","8":"product_tag-kinder","10":"first","11":"instock","12":"taxable","13":"shipping-taxable","14":"purchasable","15":"product-type-simple"},"_links":{"self":[{"href":"https:\/\/www.humandesignsystem.info\/en\/wp-json\/wp\/v2\/product\/2691","targetHints":{"allow":["GET"]}}],"collection":[{"href":"https:\/\/www.humandesignsystem.info\/en\/wp-json\/wp\/v2\/product"}],"about":[{"href":"https:\/\/www.humandesignsystem.info\/en\/wp-json\/wp\/v2\/types\/product"}],"replies":[{"embeddable":true,"href":"https:\/\/www.humandesignsystem.info\/en\/wp-json\/wp\/v2\/comments?post=2691"}],"version-history":[{"count":0,"href":"https:\/\/www.humandesignsystem.info\/en\/wp-json\/wp\/v2\/product\/2691\/revisions"}],"wp:featuredmedia":[{"embeddable":true,"href":"https:\/\/www.humandesignsystem.info\/en\/wp-json\/wp\/v2\/media\/22015"}],"wp:attachment":[{"href":"https:\/\/www.humandesignsystem.info\/en\/wp-json\/wp\/v2\/media?parent=2691"}],"wp:term":[{"taxonomy":"product_brand","embeddable":true,"href":"https:\/\/www.humandesignsystem.info\/en\/wp-json\/wp\/v2\/product_brand?post=2691"},{"taxonomy":"product_cat","embeddable":true,"href":"https:\/\/www.humandesignsystem.info\/en\/wp-json\/wp\/v2\/product_cat?post=2691"},{"taxonomy":"product_tag","embeddable":true,"href":"https:\/\/www.humandesignsystem.info\/en\/wp-json\/wp\/v2\/product_tag?post=2691"}],"curies":[{"name":"wp","href":"https:\/\/api.w.org\/{rel}","templated":true}]}}