{"id":2694,"date":"2014-11-03T11:54:36","date_gmt":"2014-11-03T10:54:36","guid":{"rendered":"https:\/\/www.humandesignsystem.info\/?post_type=product&#038;p=2694"},"modified":"2025-01-18T16:46:54","modified_gmt":"2025-01-18T15:46:54","slug":"bilderwelt","status":"publish","type":"product","link":"https:\/\/www.humandesignsystem.info\/en\/produkt\/bilderwelt\/","title":{"rendered":"Human Design Welt in Bildern"},"content":{"rendered":"<p>S\u00e4mtliche Hauptthemen des HD grafisch dargestellt und kurz erl\u00e4utert \u2013 vom grunds\u00e4tzlichen Aufbau eines Charts, den Typen und Kan\u00e4len, \u00fcber alle Schaltkreise mit ihren Str\u00f6men, dem Design der Formen, dem Dream Rave und die trans-aurischen Formen bis zu den Kreuzen und Viertel und allen Hexagrammen mit ihrer Struktur im I Ging und in der Genetik.<\/p>\n<p>47 Seiten A4, Farblaserdruck<\/p>\n","protected":false},"excerpt":{"rendered":"<p>Grafischer \u00dcberblick \u00fcber alle Aspekte des Human Design Systems<\/p>\n","protected":false},"featured_media":22072,"comment_status":"closed","ping_status":"closed","template":"","meta":[],"product_brand":[],"product_cat":[16],"product_tag":[193,202,203],"class_list":{"0":"post-2694","1":"product","2":"type-product","3":"status-publish","4":"has-post-thumbnail","6":"product_cat-buecher-zum-hds","7":"product_tag-human-design-ausbildung","8":"product_tag-human-design-basis","9":"product_tag-kursunterlagen","11":"first","12":"instock","13":"taxable","14":"shipping-taxable","15":"purchasable","16":"product-type-simple"},"_links":{"self":[{"href":"https:\/\/www.humandesignsystem.info\/en\/wp-json\/wp\/v2\/product\/2694","targetHints":{"allow":["GET"]}}],"collection":[{"href":"https:\/\/www.humandesignsystem.info\/en\/wp-json\/wp\/v2\/product"}],"about":[{"href":"https:\/\/www.humandesignsystem.info\/en\/wp-json\/wp\/v2\/types\/product"}],"replies":[{"embeddable":true,"href":"https:\/\/www.humandesignsystem.info\/en\/wp-json\/wp\/v2\/comments?post=2694"}],"version-history":[{"count":0,"href":"https:\/\/www.humandesignsystem.info\/en\/wp-json\/wp\/v2\/product\/2694\/revisions"}],"wp:featuredmedia":[{"embeddable":true,"href":"https:\/\/www.humandesignsystem.info\/en\/wp-json\/wp\/v2\/media\/22072"}],"wp:attachment":[{"href":"https:\/\/www.humandesignsystem.info\/en\/wp-json\/wp\/v2\/media?parent=2694"}],"wp:term":[{"taxonomy":"product_brand","embeddable":true,"href":"https:\/\/www.humandesignsystem.info\/en\/wp-json\/wp\/v2\/product_brand?post=2694"},{"taxonomy":"product_cat","embeddable":true,"href":"https:\/\/www.humandesignsystem.info\/en\/wp-json\/wp\/v2\/product_cat?post=2694"},{"taxonomy":"product_tag","embeddable":true,"href":"https:\/\/www.humandesignsystem.info\/en\/wp-json\/wp\/v2\/product_tag?post=2694"}],"curies":[{"name":"wp","href":"https:\/\/api.w.org\/{rel}","templated":true}]}}