{"id":2696,"date":"2014-11-03T11:56:46","date_gmt":"2014-11-03T10:56:46","guid":{"rendered":"https:\/\/www.humandesignsystem.info\/?post_type=product&#038;p=2696"},"modified":"2024-10-17T15:41:05","modified_gmt":"2024-10-17T13:41:05","slug":"die-20-tore-der-angst","status":"publish","type":"product","link":"https:\/\/www.humandesignsystem.info\/en\/produkt\/die-20-tore-der-angst\/","title":{"rendered":"Ra Uru Hu, Die 20 Tore der Angst"},"content":{"rendered":"<p>Die detaillierte Beschreibung der Hintergrundthemen in den 3 Zentren der Bewusstheit. Welche Art von Nervosit\u00e4t, welche \u00c4ngste, welche Sorgen beeinflussen unsere Wahrnehmung? Welchen Sinn haben diese Themen f\u00fcr unser Leben und f\u00fcr die Evolution?<\/p>\n<p>deutsche \u00dcbersetzung, 16 Seiten A4, Farblaserdruck<\/p>\n","protected":false},"excerpt":{"rendered":"<p>Wahrnehmung ist immer auch mit Angst verbunden. Die 20 Aspekte der menschlichen \u00c4ngste aufgeschl\u00fcsselt.<\/p>\n","protected":false},"featured_media":22067,"comment_status":"closed","ping_status":"closed","template":"","meta":[],"product_brand":[],"product_cat":[16],"product_tag":[216,207,217],"class_list":{"0":"post-2696","1":"product","2":"type-product","3":"status-publish","4":"has-post-thumbnail","6":"product_cat-buecher-zum-hds","7":"product_tag-angst","8":"product_tag-hexagramm","9":"product_tag-tor","11":"first","12":"instock","13":"taxable","14":"shipping-taxable","15":"purchasable","16":"product-type-simple"},"_links":{"self":[{"href":"https:\/\/www.humandesignsystem.info\/en\/wp-json\/wp\/v2\/product\/2696","targetHints":{"allow":["GET"]}}],"collection":[{"href":"https:\/\/www.humandesignsystem.info\/en\/wp-json\/wp\/v2\/product"}],"about":[{"href":"https:\/\/www.humandesignsystem.info\/en\/wp-json\/wp\/v2\/types\/product"}],"replies":[{"embeddable":true,"href":"https:\/\/www.humandesignsystem.info\/en\/wp-json\/wp\/v2\/comments?post=2696"}],"version-history":[{"count":0,"href":"https:\/\/www.humandesignsystem.info\/en\/wp-json\/wp\/v2\/product\/2696\/revisions"}],"wp:featuredmedia":[{"embeddable":true,"href":"https:\/\/www.humandesignsystem.info\/en\/wp-json\/wp\/v2\/media\/22067"}],"wp:attachment":[{"href":"https:\/\/www.humandesignsystem.info\/en\/wp-json\/wp\/v2\/media?parent=2696"}],"wp:term":[{"taxonomy":"product_brand","embeddable":true,"href":"https:\/\/www.humandesignsystem.info\/en\/wp-json\/wp\/v2\/product_brand?post=2696"},{"taxonomy":"product_cat","embeddable":true,"href":"https:\/\/www.humandesignsystem.info\/en\/wp-json\/wp\/v2\/product_cat?post=2696"},{"taxonomy":"product_tag","embeddable":true,"href":"https:\/\/www.humandesignsystem.info\/en\/wp-json\/wp\/v2\/product_tag?post=2696"}],"curies":[{"name":"wp","href":"https:\/\/api.w.org\/{rel}","templated":true}]}}