{"id":2700,"date":"2014-11-03T12:00:53","date_gmt":"2014-11-03T11:00:53","guid":{"rendered":"https:\/\/www.humandesignsystem.info\/?post_type=product&#038;p=2700"},"modified":"2024-10-17T19:47:43","modified_gmt":"2024-10-17T17:47:43","slug":"rave-biversity-2","status":"publish","type":"product","link":"https:\/\/www.humandesignsystem.info\/en\/produkt\/rave-biversity-2\/","title":{"rendered":"Ra Uru Hu, Rave Biversity 2027"},"content":{"rendered":"<h3>Spekulationen \u00fcber die Solar Plexus Mutation<\/h3>\n<p>Im Jahr 2001 fand die erste Human Design \u2018Biversity\u2019 statt (BIVERSIT\u00c4T im Gegensatz zu UNIVERSIT\u00c4T \u2013 denn unsere Welt ist auf allen Ebenen dual). Verschiedene Professionals hielten Kurse zu zahlreichen HD Themen. Die Abschriften dieser Kurse sind einzeln mit Sammelmappe oder als Gesamtausgabe erh\u00e4ltlich.<\/p>\n<p><strong>Ein Blick auf die kommenden Ver\u00e4nderungen der Spezies &#8216;Mensch&#8217; ab dem Jahr 2027<\/strong><br \/>\nDie kommende Mutation beeinflusst unser Leben erheblich und verursacht physische und mechanische Ver\u00e4nderungen im menschlichen K\u00f6rper. Ein zentrales Thema ist Autismus, eines der Symptome der kommenden Mutation. Tor 55, in seiner Beziehung zu Prostata, durchl\u00e4uft eine Mutation, die chemische Ver\u00e4nderungen ausl\u00f6st, die zu Autismus f\u00fchren k\u00f6nnen. Diese Mutation stellt einen bedeutenden Entwicklungssprung dar, der uns von unserer tierischen Natur befreit. Die Ver\u00e4nderungen im Tor 55 k\u00f6nnen bei einigen M\u00e4nnern zu Prostataproblemen f\u00fchren, w\u00e4hrend andere nicht betroffen bleiben.<\/p>\n<p>Seit 1781 wurden diese Prozesse beobachtet; der Kanal 19-49 spielt eine wesentliche Rolle bei der Entstehung von Autismus. Die Mutation entwickelt sich langsam und wird erst 2027 vollst\u00e4ndig zutage treten, wenn die ersten Kinder mit dem neuen Design geboren werden. Ver\u00e4nderungen dieser Art dauern hunderte Jahre und sind nicht genau zu datieren, wie eben die langsame Entfaltung der Evolution.<\/p>\n<p>26 Seiten A4, Farblaserdruck, Teil 2, ohne Mappe<\/p>\n","protected":false},"excerpt":{"rendered":"<p>Die Raves, die neue Spezies ab 2027. Was kommt, was ver\u00e4ndert sich, was bedeutet das f\u00fcr uns Menschen?<\/p>\n","protected":false},"featured_media":22059,"comment_status":"closed","ping_status":"closed","template":"","meta":[],"product_brand":[],"product_cat":[16],"product_tag":[212,204,213],"class_list":{"0":"post-2700","1":"product","2":"type-product","3":"status-publish","4":"has-post-thumbnail","6":"product_cat-buecher-zum-hds","7":"product_tag-212","8":"product_tag-biversity","9":"product_tag-rave","11":"first","12":"instock","13":"taxable","14":"shipping-taxable","15":"purchasable","16":"product-type-simple"},"_links":{"self":[{"href":"https:\/\/www.humandesignsystem.info\/en\/wp-json\/wp\/v2\/product\/2700","targetHints":{"allow":["GET"]}}],"collection":[{"href":"https:\/\/www.humandesignsystem.info\/en\/wp-json\/wp\/v2\/product"}],"about":[{"href":"https:\/\/www.humandesignsystem.info\/en\/wp-json\/wp\/v2\/types\/product"}],"replies":[{"embeddable":true,"href":"https:\/\/www.humandesignsystem.info\/en\/wp-json\/wp\/v2\/comments?post=2700"}],"version-history":[{"count":0,"href":"https:\/\/www.humandesignsystem.info\/en\/wp-json\/wp\/v2\/product\/2700\/revisions"}],"wp:featuredmedia":[{"embeddable":true,"href":"https:\/\/www.humandesignsystem.info\/en\/wp-json\/wp\/v2\/media\/22059"}],"wp:attachment":[{"href":"https:\/\/www.humandesignsystem.info\/en\/wp-json\/wp\/v2\/media?parent=2700"}],"wp:term":[{"taxonomy":"product_brand","embeddable":true,"href":"https:\/\/www.humandesignsystem.info\/en\/wp-json\/wp\/v2\/product_brand?post=2700"},{"taxonomy":"product_cat","embeddable":true,"href":"https:\/\/www.humandesignsystem.info\/en\/wp-json\/wp\/v2\/product_cat?post=2700"},{"taxonomy":"product_tag","embeddable":true,"href":"https:\/\/www.humandesignsystem.info\/en\/wp-json\/wp\/v2\/product_tag?post=2700"}],"curies":[{"name":"wp","href":"https:\/\/api.w.org\/{rel}","templated":true}]}}