{"id":2702,"date":"2014-11-03T12:02:56","date_gmt":"2014-11-03T11:02:56","guid":{"rendered":"https:\/\/www.humandesignsystem.info\/?post_type=product&#038;p=2702"},"modified":"2024-10-17T19:34:32","modified_gmt":"2024-10-17T17:34:32","slug":"rave-biversity-4","status":"publish","type":"product","link":"https:\/\/www.humandesignsystem.info\/en\/produkt\/rave-biversity-4\/","title":{"rendered":"Martin Grassinger, Rave Biversity\/Therapie"},"content":{"rendered":"<h4>Psychotherapeutische Grundlagen und das HDS, Martin Grassinger<\/h4>\n<p>Im Jahr 2001 fand die erste Human Design \u2018Biversity\u2019 statt (BIVERSIT\u00c4T im Gegensatz zu UNIVERSIT\u00c4T \u2013 denn unsere Welt ist auf allen Ebenen dual). Verschiedene Professionals hielten Kurse zu zahlreichen HD Themen. Die Abschriften dieser Kurse sind einzeln mit Sammelmappe oder als Gesamtausgabe erh\u00e4ltlich.<\/p>\n<p>Martin Grassinger beschreibt hier seine Erfahrungen und Erkenntnisse aus (damals) zehn Jahren Arbeit mit dem Human Design System in der Praxis einer holistischen Psychotherapie. Er betont, dass Psychotherapie heute weit \u00fcber die klassischen Methoden hinausgeht und moderne, effektive Werkzeuge nutzt. Er hebt hervor, dass er durch seine pers\u00f6nliche Krankheitsgeschichte und die Ausbildung bei einer alten Hom\u00f6opathin, die ihn 12 Jahre lang unterrichtete, wertvolle Einsichten gewann. Diese Erfahrungen flossen sp\u00e4ter in seine Arbeit mit dem Human Design System ein, das er seit 1992 praktiziert und unterrichtet.<\/p>\n<p>Martin Grassinger beschreibt, wie er seine Erkenntnisse aus der Klassischen Hom\u00f6opathie und anderen therapeutischen Methoden in das Human Design System integriert hat, um die Individualit\u00e4t der Patienten zu w\u00fcrdigen und ihnen effektiv zu helfen. Er betont die Wichtigkeit einer dynamischen, sich st\u00e4ndig weiterentwickelnden Herangehensweise und die Notwendigkeit, das Leben aus verschiedenen Perspektiven zu betrachten. Er m\u00f6chte durch seine Einsichten und Erfahrungen in der Praxis zeigen, wie das Human Design System und holistische Therapieans\u00e4tze effektiv kombiniert werden k\u00f6nnen, um tiefere Einblicke in die menschliche Natur und deren Heilungsprozesse zu gewinnen.<\/p>\n<p>45 Seiten A4, Farblaserdruck, Teil 4, ohne Mappe<\/p>\n","protected":false},"excerpt":{"rendered":"<p>Psychotherapeutische Grundlagen und das HDS, Martin Grassinger Im Jahr 2001 fand die erste Human Design \u2018Biversity\u2019 statt (BIVERSIT\u00c4T im Gegensatz zu UNIVERSIT\u00c4T \u2013 denn unsere Welt ist auf allen Ebenen dual). Verschiedene Professionals hielten Kurse zu zahlreichen HD Themen. Die Abschriften dieser Kurse sind einzeln mit Sammelmappe oder als Gesamtausgabe erh\u00e4ltlich. Martin Grassinger beschreibt hier [&hellip;]<\/p>\n","protected":false},"featured_media":22075,"comment_status":"closed","ping_status":"closed","template":"","meta":[],"product_brand":[],"product_cat":[16],"product_tag":[200,199],"class_list":{"0":"post-2702","1":"product","2":"type-product","3":"status-publish","4":"has-post-thumbnail","6":"product_cat-buecher-zum-hds","7":"product_tag-gesundheit","8":"product_tag-grassinger","10":"first","11":"instock","12":"taxable","13":"shipping-taxable","14":"purchasable","15":"product-type-simple"},"_links":{"self":[{"href":"https:\/\/www.humandesignsystem.info\/en\/wp-json\/wp\/v2\/product\/2702","targetHints":{"allow":["GET"]}}],"collection":[{"href":"https:\/\/www.humandesignsystem.info\/en\/wp-json\/wp\/v2\/product"}],"about":[{"href":"https:\/\/www.humandesignsystem.info\/en\/wp-json\/wp\/v2\/types\/product"}],"replies":[{"embeddable":true,"href":"https:\/\/www.humandesignsystem.info\/en\/wp-json\/wp\/v2\/comments?post=2702"}],"version-history":[{"count":0,"href":"https:\/\/www.humandesignsystem.info\/en\/wp-json\/wp\/v2\/product\/2702\/revisions"}],"wp:featuredmedia":[{"embeddable":true,"href":"https:\/\/www.humandesignsystem.info\/en\/wp-json\/wp\/v2\/media\/22075"}],"wp:attachment":[{"href":"https:\/\/www.humandesignsystem.info\/en\/wp-json\/wp\/v2\/media?parent=2702"}],"wp:term":[{"taxonomy":"product_brand","embeddable":true,"href":"https:\/\/www.humandesignsystem.info\/en\/wp-json\/wp\/v2\/product_brand?post=2702"},{"taxonomy":"product_cat","embeddable":true,"href":"https:\/\/www.humandesignsystem.info\/en\/wp-json\/wp\/v2\/product_cat?post=2702"},{"taxonomy":"product_tag","embeddable":true,"href":"https:\/\/www.humandesignsystem.info\/en\/wp-json\/wp\/v2\/product_tag?post=2702"}],"curies":[{"name":"wp","href":"https:\/\/api.w.org\/{rel}","templated":true}]}}