{"id":2705,"date":"2014-11-03T12:07:09","date_gmt":"2014-11-03T11:07:09","guid":{"rendered":"https:\/\/www.humandesignsystem.info\/?post_type=product&#038;p=2705"},"modified":"2024-10-17T19:32:52","modified_gmt":"2024-10-17T17:32:52","slug":"das-design-der-schwangerschaft","status":"publish","type":"product","link":"https:\/\/www.humandesignsystem.info\/en\/produkt\/das-design-der-schwangerschaft\/","title":{"rendered":"Ra Uru Hu, Das Design der Schwangerschaft"},"content":{"rendered":"<p>Mit dem Human Design System ist es m\u00f6glich die Pr\u00e4gungen aufzuzeigen, die ganz am Anfang einer Schwangerschaft den entstehenden K\u00f6rper eines Embryos \u201averkabeln\u2019. Diese k\u00f6rperliche Pr\u00e4gung \u2013 durch das Design der Mutter und die Transite \u2013 ist im Chart eines Menschen nicht sichtbar, stellt aber nat\u00fcrlich einen wichtigen Anteil jedes Menschen dar. Auch die Konditionierung der Mutter durch das Kind und das korrekte Verhalten der Mutter w\u00e4hrend einer Schwangerschaft k\u00f6nnen klar aufgezeigt werden und diese Phasen f\u00fcr Mutter und Kind angenehmer machen.<\/p>\n<h3>&#8220;Das Design der Schwangerschaft&#8221;<\/h3>\n<p>Ra Uru Hu und Dr. Andrea Reikl-Wolf verbinden das Human Design System mit der medizinisch\/biologischen Perspektive der embryonalen Entwicklung. Dieses Buch bietet tiefe Einblicke in die pr\u00e4natalen Pr\u00e4gungen w\u00e4hrend der 3 Trimester einer Schwangerschaft und deren Einfluss auf das menschliche Design.<\/p>\n<p>Abschrift und \u00dcbersetzung des Kurses von Ra Uru Hu<br \/>\n193 Seiten A4, Farblaserdruck<\/p>\n","protected":false},"excerpt":{"rendered":"<p>Ra Uru Hu&#8217;s detaillierte und faszinierende Analyse der vorgeburtlichen Programmierung in den 3 Trimestern, biologische Aspekte von Dr. Andrea Reikl-Wolf.<\/p>\n","protected":false},"featured_media":22037,"comment_status":"closed","ping_status":"closed","template":"","meta":[],"product_brand":[],"product_cat":[16],"product_tag":[200,220,218],"class_list":{"0":"post-2705","1":"product","2":"type-product","3":"status-publish","4":"has-post-thumbnail","6":"product_cat-buecher-zum-hds","7":"product_tag-gesundheit","8":"product_tag-kinder","9":"product_tag-transit","11":"first","12":"instock","13":"taxable","14":"shipping-taxable","15":"purchasable","16":"product-type-simple"},"_links":{"self":[{"href":"https:\/\/www.humandesignsystem.info\/en\/wp-json\/wp\/v2\/product\/2705","targetHints":{"allow":["GET"]}}],"collection":[{"href":"https:\/\/www.humandesignsystem.info\/en\/wp-json\/wp\/v2\/product"}],"about":[{"href":"https:\/\/www.humandesignsystem.info\/en\/wp-json\/wp\/v2\/types\/product"}],"replies":[{"embeddable":true,"href":"https:\/\/www.humandesignsystem.info\/en\/wp-json\/wp\/v2\/comments?post=2705"}],"version-history":[{"count":0,"href":"https:\/\/www.humandesignsystem.info\/en\/wp-json\/wp\/v2\/product\/2705\/revisions"}],"wp:featuredmedia":[{"embeddable":true,"href":"https:\/\/www.humandesignsystem.info\/en\/wp-json\/wp\/v2\/media\/22037"}],"wp:attachment":[{"href":"https:\/\/www.humandesignsystem.info\/en\/wp-json\/wp\/v2\/media?parent=2705"}],"wp:term":[{"taxonomy":"product_brand","embeddable":true,"href":"https:\/\/www.humandesignsystem.info\/en\/wp-json\/wp\/v2\/product_brand?post=2705"},{"taxonomy":"product_cat","embeddable":true,"href":"https:\/\/www.humandesignsystem.info\/en\/wp-json\/wp\/v2\/product_cat?post=2705"},{"taxonomy":"product_tag","embeddable":true,"href":"https:\/\/www.humandesignsystem.info\/en\/wp-json\/wp\/v2\/product_tag?post=2705"}],"curies":[{"name":"wp","href":"https:\/\/api.w.org\/{rel}","templated":true}]}}