{"id":30809,"date":"2024-10-02T21:58:56","date_gmt":"2024-10-02T19:58:56","guid":{"rendered":"https:\/\/www.humandesignsystem.info\/?post_type=product&#038;p=30809"},"modified":"2025-03-19T11:56:58","modified_gmt":"2025-03-19T10:56:58","slug":"martin-grassinger-der-planetenschluessel-hds-und-gesundheit-2-das-buch-zum-kurs","status":"publish","type":"product","link":"https:\/\/www.humandesignsystem.info\/en\/produkt\/martin-grassinger-der-planetenschluessel-hds-und-gesundheit-2-das-buch-zum-kurs\/","title":{"rendered":"Martin Grassinger, Der Planetenschl\u00fcssel, HDS und Gesundheit 2"},"content":{"rendered":"<h2>Der Planetenschl\u00fcssel &#8211; Human Design und Gesundheit Teil 2<\/h2>\n<p><strong>Formate:<\/strong><\/p>\n<ul>\n<li>Abschrift des Kurses 2011, 130 Seiten A4 und\/oder<\/li>\n<li>Aufnahme des Online Kurses 2017<\/li>\n<\/ul>\n<h3>Der <strong>Inhalt<br \/>\n<\/strong><\/h3>\n<p>Die Planeten unseres Sonnensystems sind die Au\u00dfendienstmitarbeiter der\u00a0kosmischen Zentrale (GOD = Global Orchestration Directory). Sie sind die Schl\u00fcssel\u00a0f\u00fcr jene Stoffwechselaktivit\u00e4ten, auf der wir Bewusstheit in menschlicher Form\u00a0erfahren. Denn vom kosmischen Strom der Neutrinos sind nur jene in der Lage,\u00a0konkrete Aspekte auf unserer DNS zu aktivieren, die auf ihrem Weg durchs All vorher\u00a0die Planeten unseres Sonnensystems durchdrungen haben und dabei von ihnen\u00a0jeweils sehr spezifisch gepr\u00e4gt wurden.<\/p>\n<p>Um die spezifische Wirkung der planetarischen Kr\u00e4fte auf alles Lebendige genau zu\u00a0verdeutlichen, vereinigt das Design System die gro\u00dfen esoterischen und exoterischen\u00a0Wissenschaften. Es handelt sich hierbei um eine Synthese, die weit mehr darstellt als\u00a0nur die Summe ihrer einzelnen Teile. Denn die im HDS vertretenen Systeme stehen\u00a0in einer sich wechselseitig erg\u00e4nzenden Beziehung zueinander, wodurch sich der\u00a0bisherige Horizont jedes einzelnen Systems um bisher nicht bekannte Dimensionen\u00a0erweitert und pr\u00e4zisiert.<\/p>\n<p>Deshalb offenbart das HDS auch f\u00fcr die Astrologie besondere Neuerungen und\u00a0Erweiterungen, die ihr vorher \u2013 ohne K\u00f6rpergrafik \u2013 nicht zug\u00e4nglich waren. Wer sich\u00a0daher beim HDS immer noch plakativ an die traditionelle Interpretation der Planeten\u00a0aus der reinen Horoskopastrologie h\u00e4lt \u2013 als h\u00e4tte sich gar nichts ver\u00e4ndert \u2013 der wird\u00a0auch innerhalb der Arbeit mit dem HDS bei den entsprechend begrenzten Ergebnissen\u00a0bleiben. Denn wenn wir die bisherige klassische Interpretation der Planetenqualit\u00e4ten\u00a0aus der reinen Horoskop-Astrologie anwenden, dann gehen wir dabei nicht von einer\u00a0K\u00f6rpergrafik aus, sondern beziehen diese Sichtweise darauf. Doch diese Richtung der\u00a0Betrachtungsweise ist keine Einbahnstra\u00dfe \u2013 und ein alter Hut bleibt auch auf einem\u00a0neuen Kopf ein alter Hut.<\/p>\n<p>Der Schl\u00fcssel zu den Planeten beschreitet daher genau den umgekehrten Weg: Er geht von der K\u00f6rpergrafik des HDS aus und bezieht sich mit diesem Hintergrund auf die astrologischen Elemente \u2013 auf die unseren Stoffwechsel steuernden Himmelsk\u00f6rper. Durch diese umgekehrte Sichtweise erf\u00e4hrt die traditionelle Interpretation der Planeten eine signifikante Erweiterung und eine ungeahnte Tiefe und kann uns dadurch sehr genaue zus\u00e4tzliche Auskunft \u00fcber die unterschiedlichen Qualit\u00e4ten jedes einzelnen Planeten geben, wie es bislang so nicht m\u00f6glich war. Der Quantensprung aus der Synthese wird sichtbar. Das HDS ist eben eine neue Wissenschaft und offenbart auch in Bezug auf die Planeten v\u00f6llig neue Einsichten, die \u00e4u\u00dferst n\u00fctzlich und f\u00fcr jeden Menschen sofort praktisch anwendbar und erfahrbar sind.<\/p>\n<p>Entdecken Sie den Planetenschl\u00fcssel im Human Design System. Erfahren Sie, wie Planeten Stoffwechsel und Bewusstsein beeinflussen. Ideal f\u00fcr Astrologie und HDS-Interessierte.<\/p>\n<p><strong>Details:<\/strong><\/p>\n<ul>\n<li>Live-Onlinekurs der Planetensch\u00fcssel von 2017, 550\u20ac<\/li>\n<li>Exklusives Wissen: Martin Grassinger, Klassischer Hom\u00f6opath und Heilpraktiker<\/li>\n<\/ul>\n<p>Der Planetenschl\u00fcssel ist ein zentrales Thema im Human Design System, das die Verbindung zwischen den planetarischen Kr\u00e4ften und den Stoffwechselprozessen in unserem K\u00f6rper erkl\u00e4rt. Durch die detaillierte Analyse des Planetenschl\u00fcssels wird deutlich, wie die spezifischen Einfl\u00fcsse der Planeten unsere Bewusstheit und gesundheitliche Verfassung pr\u00e4gen. Diese einzigartige Perspektive erweitert die traditionelle Astrologie und erm\u00f6glicht tiefere Einblicke in die komplexen Wechselwirkungen zwischen Kosmos und Mensch.<\/p>\n<h4><strong>Ebenfalls erh\u00e4ltlich:<\/strong><\/h4>\n<ul>\n<li><a href=\"https:\/\/www.humandesignsystem.info\/produkt\/martin-grassinger-human-design-und-gesundheit-buch-zum-kurs\/\">Human Design Gesundheit &#8211; Teil 1<\/a> &#8211; Die Grundlagen in den Schaltkreisen<\/li>\n<li><a href=\"https:\/\/www.humandesignsystem.info\/produkt\/die-aminosaeuren\">Human Design Gesundheit &#8211; Teil 3 &#8211; Die Aminos\u00e4uren<\/a><\/li>\n<\/ul>\n","protected":false},"excerpt":{"rendered":"<p>Der Planetenschl\u00fcssel &#8211; Human Design und Gesundheit Teil 2 Formate: Abschrift des Kurses 2011, 130 Seiten A4 und\/oder Aufnahme des Online Kurses 2017 Der Inhalt Die Planeten unseres Sonnensystems sind die Au\u00dfendienstmitarbeiter der\u00a0kosmischen Zentrale (GOD = Global Orchestration Directory). Sie sind die Schl\u00fcssel\u00a0f\u00fcr jene Stoffwechselaktivit\u00e4ten, auf der wir Bewusstheit in menschlicher Form\u00a0erfahren. Denn vom kosmischen [&hellip;]<\/p>\n","protected":false},"featured_media":22028,"comment_status":"open","ping_status":"closed","template":"","meta":[],"product_brand":[],"product_cat":[17,16],"product_tag":[200,199,201],"class_list":{"0":"post-30809","1":"product","2":"type-product","3":"status-publish","4":"has-post-thumbnail","6":"product_cat-audiovideo","7":"product_cat-buecher-zum-hds","8":"product_tag-gesundheit","9":"product_tag-grassinger","10":"product_tag-planet","12":"first","13":"instock","14":"taxable","15":"shipping-taxable","16":"purchasable","17":"product-type-variable"},"_links":{"self":[{"href":"https:\/\/www.humandesignsystem.info\/en\/wp-json\/wp\/v2\/product\/30809","targetHints":{"allow":["GET"]}}],"collection":[{"href":"https:\/\/www.humandesignsystem.info\/en\/wp-json\/wp\/v2\/product"}],"about":[{"href":"https:\/\/www.humandesignsystem.info\/en\/wp-json\/wp\/v2\/types\/product"}],"replies":[{"embeddable":true,"href":"https:\/\/www.humandesignsystem.info\/en\/wp-json\/wp\/v2\/comments?post=30809"}],"version-history":[{"count":0,"href":"https:\/\/www.humandesignsystem.info\/en\/wp-json\/wp\/v2\/product\/30809\/revisions"}],"wp:featuredmedia":[{"embeddable":true,"href":"https:\/\/www.humandesignsystem.info\/en\/wp-json\/wp\/v2\/media\/22028"}],"wp:attachment":[{"href":"https:\/\/www.humandesignsystem.info\/en\/wp-json\/wp\/v2\/media?parent=30809"}],"wp:term":[{"taxonomy":"product_brand","embeddable":true,"href":"https:\/\/www.humandesignsystem.info\/en\/wp-json\/wp\/v2\/product_brand?post=30809"},{"taxonomy":"product_cat","embeddable":true,"href":"https:\/\/www.humandesignsystem.info\/en\/wp-json\/wp\/v2\/product_cat?post=30809"},{"taxonomy":"product_tag","embeddable":true,"href":"https:\/\/www.humandesignsystem.info\/en\/wp-json\/wp\/v2\/product_tag?post=30809"}],"curies":[{"name":"wp","href":"https:\/\/api.w.org\/{rel}","templated":true}]}}