{"id":38772,"date":"2025-11-08T10:35:32","date_gmt":"2025-11-08T09:35:32","guid":{"rendered":"https:\/\/www.humandesignsystem.info\/?post_type=product&#038;p=38772"},"modified":"2026-03-13T10:48:49","modified_gmt":"2026-03-13T09:48:49","slug":"die-rave-kinder-sendler","status":"publish","type":"product","link":"https:\/\/www.humandesignsystem.info\/en\/produkt\/die-rave-kinder-sendler\/","title":{"rendered":"Die Rave Kinder, Ilse Sendler"},"content":{"rendered":"<h2><strong>Die Rave Kinder<br \/>\n<\/strong><\/h2>\n<p>Ab 2027 beginnt der n\u00e4chste und letzte Schritt der menschlichen Evolution: eine neue Spezies betritt den Planeten, die &#8216;Raves&#8217;. Wir wissen und vermuten einiges, und wir wollen diese Informationen teilen und darauf vorbereiten, dass diese Kinder erkannt und verstanden werden. Eine Herausforderung! Besonders nat\u00fcrlich f\u00fcr die Eltern, aber auch immens wichtig f\u00fcr die ganze Gesellschaft, deren Ver\u00e4nderung damit einhergeht.<br \/>\nVortrag und Diskussion \u00fcber unsere unmittelbare Zukunft.<\/p>\n<p><strong><br \/>\n<\/strong>mp4 Video Aufnahme\u00a0 (ca. 50 Minuten): \u20ac 85,-<\/p>\n<p>&nbsp;<\/p>\n","protected":false},"excerpt":{"rendered":"<p>Die neuen Menschen, die &#8216;Raves&#8217; tauchen ab 2027 auf. Was wir dar\u00fcber wissen, was wir vermuten.<\/p>\n","protected":false},"featured_media":37117,"comment_status":"closed","ping_status":"closed","template":"","meta":[],"product_brand":[],"product_cat":[17,373],"product_tag":[212,193,381,420,349,283],"class_list":{"0":"post-38772","1":"product","2":"type-product","3":"status-publish","4":"has-post-thumbnail","6":"product_cat-audiovideo","7":"product_cat-festival-2025-2","8":"product_tag-212","9":"product_tag-human-design-ausbildung","10":"product_tag-ilse-sendler","11":"product_tag-mutation-2027","12":"product_tag-rave-kinder","13":"product_tag-spezialkurs","14":"product_shipping_class-download-produkte","16":"first","17":"instock","18":"downloadable","19":"virtual","20":"taxable","21":"purchasable","22":"product-type-simple"},"_links":{"self":[{"href":"https:\/\/www.humandesignsystem.info\/en\/wp-json\/wp\/v2\/product\/38772","targetHints":{"allow":["GET"]}}],"collection":[{"href":"https:\/\/www.humandesignsystem.info\/en\/wp-json\/wp\/v2\/product"}],"about":[{"href":"https:\/\/www.humandesignsystem.info\/en\/wp-json\/wp\/v2\/types\/product"}],"replies":[{"embeddable":true,"href":"https:\/\/www.humandesignsystem.info\/en\/wp-json\/wp\/v2\/comments?post=38772"}],"version-history":[{"count":0,"href":"https:\/\/www.humandesignsystem.info\/en\/wp-json\/wp\/v2\/product\/38772\/revisions"}],"wp:featuredmedia":[{"embeddable":true,"href":"https:\/\/www.humandesignsystem.info\/en\/wp-json\/wp\/v2\/media\/37117"}],"wp:attachment":[{"href":"https:\/\/www.humandesignsystem.info\/en\/wp-json\/wp\/v2\/media?parent=38772"}],"wp:term":[{"taxonomy":"product_brand","embeddable":true,"href":"https:\/\/www.humandesignsystem.info\/en\/wp-json\/wp\/v2\/product_brand?post=38772"},{"taxonomy":"product_cat","embeddable":true,"href":"https:\/\/www.humandesignsystem.info\/en\/wp-json\/wp\/v2\/product_cat?post=38772"},{"taxonomy":"product_tag","embeddable":true,"href":"https:\/\/www.humandesignsystem.info\/en\/wp-json\/wp\/v2\/product_tag?post=38772"}],"curies":[{"name":"wp","href":"https:\/\/api.w.org\/{rel}","templated":true}]}}