{"id":40155,"date":"2026-02-12T13:52:30","date_gmt":"2026-02-12T12:52:30","guid":{"rendered":"https:\/\/www.humandesignsystem.info\/?post_type=product&#038;p=40155"},"modified":"2026-03-17T15:56:10","modified_gmt":"2026-03-17T14:56:10","slug":"kreuz-der-planung","status":"publish","type":"product","link":"https:\/\/www.humandesignsystem.info\/en\/produkt\/kreuz-der-planung\/","title":{"rendered":"Das Ende des Kreuzes der Planung"},"content":{"rendered":"<p data-start=\"476\" data-end=\"547\" data-is-last-node=\"\" data-is-only-node=\"\">Wir befinden uns am Ende von vier Jahrhunderten der Zusammenarbeit, der Gemeinschaft und der Infrastruktur, und wir alle k\u00f6nnen sehen, wie sich unsere Welt ver\u00e4ndert. Was geschieht, wenn die Vereinbarungen, auf denen wir unser Leben aufgebaut haben, sich aufl\u00f6sen? (Planung\/Liebe) Und was geschieht, wenn sich unsere grunds\u00e4tzliche Ausrichtung (Maia) in der Welt \u00e4ndert?<br \/>\nmit <a href=\"https:\/\/www.humandesignsystem.info\/ilse-sendler\/\">Ilse<\/a> Sendler<\/p>\n<p data-start=\"476\" data-end=\"547\" data-is-last-node=\"\" data-is-only-node=\"\"><strong>mp4 Video<\/strong> Aufnahme vom 13.3.2026<\/p>\n<p data-start=\"476\" data-end=\"547\" data-is-last-node=\"\" data-is-only-node=\"\"><a href=\"https:\/\/www.humandesignsystem.info\/das-kommende-zeitalter\/#Programm2\">Das Programm<\/a> f\u00fcr alle 13 Abende<br \/>\nAlle Abende <a href=\"https:\/\/www.humandesignsystem.info\/produkt\/die-kommende-aera\/\">buchen<\/a> (12 Vortr\u00e4ge plus Intro)<\/p>\n<p data-start=\"476\" data-end=\"547\" data-is-last-node=\"\" data-is-only-node=\"\">\n","protected":false},"excerpt":{"rendered":"<p data-start=\"0\" data-end=\"129\">Unsere Welt ver\u00e4ndert sich<\/p>\n","protected":false},"featured_media":39485,"comment_status":"closed","ping_status":"closed","template":"","meta":[],"product_brand":[],"product_cat":[17],"product_tag":[212,415,414],"class_list":{"0":"post-40155","1":"product","2":"type-product","3":"status-publish","4":"has-post-thumbnail","6":"product_cat-audiovideo","7":"product_tag-212","8":"product_tag-das-neue-zeitalter","9":"product_tag-raves","11":"first","12":"instock","13":"downloadable","14":"virtual","15":"taxable","16":"purchasable","17":"product-type-simple"},"_links":{"self":[{"href":"https:\/\/www.humandesignsystem.info\/en\/wp-json\/wp\/v2\/product\/40155","targetHints":{"allow":["GET"]}}],"collection":[{"href":"https:\/\/www.humandesignsystem.info\/en\/wp-json\/wp\/v2\/product"}],"about":[{"href":"https:\/\/www.humandesignsystem.info\/en\/wp-json\/wp\/v2\/types\/product"}],"replies":[{"embeddable":true,"href":"https:\/\/www.humandesignsystem.info\/en\/wp-json\/wp\/v2\/comments?post=40155"}],"version-history":[{"count":0,"href":"https:\/\/www.humandesignsystem.info\/en\/wp-json\/wp\/v2\/product\/40155\/revisions"}],"wp:featuredmedia":[{"embeddable":true,"href":"https:\/\/www.humandesignsystem.info\/en\/wp-json\/wp\/v2\/media\/39485"}],"wp:attachment":[{"href":"https:\/\/www.humandesignsystem.info\/en\/wp-json\/wp\/v2\/media?parent=40155"}],"wp:term":[{"taxonomy":"product_brand","embeddable":true,"href":"https:\/\/www.humandesignsystem.info\/en\/wp-json\/wp\/v2\/product_brand?post=40155"},{"taxonomy":"product_cat","embeddable":true,"href":"https:\/\/www.humandesignsystem.info\/en\/wp-json\/wp\/v2\/product_cat?post=40155"},{"taxonomy":"product_tag","embeddable":true,"href":"https:\/\/www.humandesignsystem.info\/en\/wp-json\/wp\/v2\/product_tag?post=40155"}],"curies":[{"name":"wp","href":"https:\/\/api.w.org\/{rel}","templated":true}]}}