{"id":40806,"date":"2026-03-26T16:52:18","date_gmt":"2026-03-26T15:52:18","guid":{"rendered":"https:\/\/www.humandesignsystem.info\/?post_type=product&#038;p=40806"},"modified":"2026-04-14T10:01:30","modified_gmt":"2026-04-14T08:01:30","slug":"muster-des-wandels","status":"publish","type":"product","link":"https:\/\/www.humandesignsystem.info\/en\/produkt\/muster-des-wandels\/","title":{"rendered":"Muster des Wandels \u2013 Die Logik der Zyklen"},"content":{"rendered":"<p>Wir kennen den Begriff \u201aDas Rad der Geschichte\u2018. Es dreht sich best\u00e4ndig und treibt die Entwicklung der Menschheit voran. R\u00fcckblickend sind dabei konkrete Zyklen erkennbar, in denen sich zu diesem Zweck bestimmte Energien durchgesetzt haben. Jeder Zyklus hat immer Anfang, Mitte und Ende. Wenn wir uns diese gr\u00f6\u00dferen Zyklen genauer anschauen, die uns dahin gef\u00fchrt haben, wo wir heute sind, dann k\u00f6nnen wir ein tieferes Verst\u00e4ndnis f\u00fcr dieses steuernde Prinzip bekommen und erkennen, dass es sich bei dieser Entwicklung nicht um irgendwelche Zuf\u00e4lle handelt, sondern um ein klares kosmisches Prinzip. So kam es in den aufeinanderfolgenden Zyklen der Vergangenheit zu den entsprechenden Ver\u00e4nderungen nicht nur in Wirtschaft und Politik, auch in der Wissenschaft, in der Kultur, der Architektur, Musik, Malerei etc.<\/p>\n<p>Wir wissen, das Einzige, das von Dauer ist, ist die Ver\u00e4nderung. Und auch die hat, wie der Dichter Bertolt Brecht einmal sagte: Anschrift, Name und Gesicht. Wir k\u00f6nnen sie also ganz genau benennen, und so ihren Charakter und ihre Energie verstehen. Wir erkennen: jede Zeit hat ihre ganz eigene Qualit\u00e4t, und ist immer Vorstufe f\u00fcr das Neue, das Unbekannte, das unausweichlich danach kommt, so wie jetzt f\u00fcr uns.<\/p>\n<p data-start=\"476\" data-end=\"547\" data-is-last-node=\"\" data-is-only-node=\"\">mit <a href=\"https:\/\/www.humandesignsystem.info\/martin-grassinger\/\">Martin<\/a> Grassinger<\/p>\n<p data-start=\"476\" data-end=\"547\" data-is-last-node=\"\" data-is-only-node=\"\">mp4 Video Aufnahme vom 13, APRIL<\/p>\n<p data-start=\"476\" data-end=\"547\" data-is-last-node=\"\" data-is-only-node=\"\"><a href=\"https:\/\/www.humandesignsystem.info\/das-kommende-zeitalter\/#Programm2\">Das Programm<\/a> f\u00fcr alle 13 Abende<br \/>\nAlle Abende <a href=\"https:\/\/www.humandesignsystem.info\/produkt\/die-kommende-aera\/\">buchen<\/a> (12 Vortr\u00e4ge plus Intro)<\/p>\n<p data-start=\"476\" data-end=\"547\" data-is-last-node=\"\" data-is-only-node=\"\">\n","protected":false},"excerpt":{"rendered":"<p data-start=\"0\" data-end=\"129\">Das kosmische Prinzip der Ver\u00e4nderung, mit <a href=\"https:\/\/www.humandesignsystem.info\/martin-grassinger\/\">Martin<\/a> Grassinger<\/p>\n","protected":false},"featured_media":39485,"comment_status":"closed","ping_status":"closed","template":"","meta":[],"product_brand":[],"product_cat":[17],"product_tag":[212,415,422,421],"class_list":{"0":"post-40806","1":"product","2":"type-product","3":"status-publish","4":"has-post-thumbnail","6":"product_cat-audiovideo","7":"product_tag-212","8":"product_tag-das-neue-zeitalter","9":"product_tag-die-logik-der-zyklen","10":"product_tag-muster-des-wandels","12":"first","13":"instock","14":"downloadable","15":"virtual","16":"taxable","17":"purchasable","18":"product-type-simple"},"_links":{"self":[{"href":"https:\/\/www.humandesignsystem.info\/en\/wp-json\/wp\/v2\/product\/40806","targetHints":{"allow":["GET"]}}],"collection":[{"href":"https:\/\/www.humandesignsystem.info\/en\/wp-json\/wp\/v2\/product"}],"about":[{"href":"https:\/\/www.humandesignsystem.info\/en\/wp-json\/wp\/v2\/types\/product"}],"replies":[{"embeddable":true,"href":"https:\/\/www.humandesignsystem.info\/en\/wp-json\/wp\/v2\/comments?post=40806"}],"version-history":[{"count":0,"href":"https:\/\/www.humandesignsystem.info\/en\/wp-json\/wp\/v2\/product\/40806\/revisions"}],"wp:featuredmedia":[{"embeddable":true,"href":"https:\/\/www.humandesignsystem.info\/en\/wp-json\/wp\/v2\/media\/39485"}],"wp:attachment":[{"href":"https:\/\/www.humandesignsystem.info\/en\/wp-json\/wp\/v2\/media?parent=40806"}],"wp:term":[{"taxonomy":"product_brand","embeddable":true,"href":"https:\/\/www.humandesignsystem.info\/en\/wp-json\/wp\/v2\/product_brand?post=40806"},{"taxonomy":"product_cat","embeddable":true,"href":"https:\/\/www.humandesignsystem.info\/en\/wp-json\/wp\/v2\/product_cat?post=40806"},{"taxonomy":"product_tag","embeddable":true,"href":"https:\/\/www.humandesignsystem.info\/en\/wp-json\/wp\/v2\/product_tag?post=40806"}],"curies":[{"name":"wp","href":"https:\/\/api.w.org\/{rel}","templated":true}]}}